{"id":11397,"date":"2023-09-19T14:25:42","date_gmt":"2023-09-19T12:25:42","guid":{"rendered":"https:\/\/mtt-maxim.pruebasweb.com.es\/?page_id=11397"},"modified":"2023-11-17T11:33:33","modified_gmt":"2023-11-17T11:33:33","slug":"politica-de-privacidade","status":"publish","type":"page","link":"https:\/\/mtt-maxim.com\/pt-pt\/politica-de-privacidade\/","title":{"rendered":"Pol\u00edtica de privacidade"},"content":{"rendered":"<div class=\"fusion-fullwidth fullwidth-box fusion-builder-row-1 fusion-flex-container has-pattern-background has-mask-background nonhundred-percent-fullwidth non-hundred-percent-height-scrolling\" style=\"--awb-border-radius-top-left:0px;--awb-border-radius-top-right:0px;--awb-border-radius-bottom-right:0px;--awb-border-radius-bottom-left:0px;--awb-flex-wrap:wrap;\" ><div class=\"fusion-builder-row fusion-row fusion-flex-align-items-flex-start fusion-flex-content-wrap\" style=\"max-width:1300px;margin-left: calc(-4% \/ 2 );margin-right: calc(-4% \/ 2 );\"><div class=\"fusion-layout-column fusion_builder_column fusion-builder-column-0 fusion_builder_column_1_1 1_1 fusion-flex-column\" style=\"--awb-bg-size:cover;--awb-width-large:100%;--awb-margin-top-large:0px;--awb-spacing-right-large:1.92%;--awb-margin-bottom-large:20px;--awb-spacing-left-large:1.92%;--awb-width-medium:100%;--awb-order-medium:0;--awb-spacing-right-medium:1.92%;--awb-spacing-left-medium:1.92%;--awb-width-small:100%;--awb-order-small:0;--awb-spacing-right-small:1.92%;--awb-spacing-left-small:1.92%;\"><div class=\"fusion-column-wrapper fusion-column-has-shadow fusion-flex-justify-content-flex-start fusion-content-layout-column\"><div class=\"fusion-text fusion-text-1\" style=\"--awb-content-alignment:justify;\"><p>A <strong>MAXIM TALLERES MECANICOS, S.L.<\/strong>, atrav\u00e9s desta Pol\u00edtica de Privacidade informa os USU\u00c1RIOS do site sobre a sua pol\u00edtica em rela\u00e7\u00e3o ao tratamento e \u00e0 prote\u00e7\u00e3o dos dados pessoais dos usu\u00e1rios e clientes que podem ser recolhidos atrav\u00e9s da sua navega\u00e7\u00e3o ou a contrata\u00e7\u00e3o de servi\u00e7os atrav\u00e9s do nosso site.<\/p>\n<p>Neste sentido, a <strong>MAXIM TALLERES MECANICOS, S.L. <\/strong>informa que os seus dados ser\u00e3o processados em conformidade com as normas vigentes em rela\u00e7\u00e3o a pol\u00edtica de privacidade de acordo com o disposto no Regulamento (UE) 2016\/679 de 27 de Abril de 2016 (RGPD).<\/p>\n<p>O uso deste site implica a aceita\u00e7\u00e3o da referida pol\u00edtica de privacidade.<\/p>\n<p><strong>Respons\u00e1vel pelo tratamento<\/strong><\/p>\n<p><strong>MAXIM TALLERES MECANICOS, S.L. <\/strong>\u00e9 o titular do site mtt-maxim.com<\/p>\n<p>Sede social: <strong>Ctra. Santa Coloma, 19-29 &#8211; 08913 Badalona (Barcelona)<\/strong><\/p>\n<p>Telefone: <strong>+34 93 460 06 60<\/strong><\/p>\n<p>Correio electr\u00f3nico: <a href=\"mailto:protecciondatos@mtt-maxim.com\">protecciondedatos@mtt-maxim.com<\/a><\/p>\n<p><strong>1. Obten\u00e7\u00e3o de dados<\/strong><\/p>\n<p>A <strong>MAXIM TALLERES MECANICOS, S.L. <\/strong>informa que os dados obtidos atrav\u00e9s do nosso site, os formul\u00e1rios recebidos atrav\u00e9s do mesmo e os recebidos por e-mail s\u00e3o aqueles que voluntariamente nos s\u00e3o facultados pelo usu\u00e1rio, que derivam de rela\u00e7\u00f5es e comunica\u00e7\u00f5es com a empresa e informa\u00e7\u00f5es que seja legitimamente extra\u00edda dos dados que tratemos.<\/p>\n<p>Da mesma forma, tamb\u00e9m obtemos dados por meio de informa\u00e7\u00f5es de terceiros fornecidas pelo usu\u00e1rio ou terceiros com consentimento pr\u00e9vio, com base leg\u00edtima.<\/p>\n<p><strong>2. Finalidade da obten\u00e7\u00e3o e recolha de dados<\/strong><\/p>\n<p>A <strong>MAXIM TALLERES MECANICOS, S.L. <\/strong>tratar\u00e1 os dados que possam ser fornecidos a fim de oferecer os produtos e\/ou servi\u00e7os que nos tenham contratado, para gerenciar as suas consultas ou pedidos e qualquer outra necess\u00e1ria para atender a rela\u00e7\u00f5es de neg\u00f3cios que tenha connosco.<\/p>\n<p>Da mesma forma, os dados tamb\u00e9m ser\u00e3o processados para enviar comunica\u00e7\u00f5es comerciais, sempre com o seu consentimento pr\u00e9vio, bem como para analisar h\u00e1bitos de navega\u00e7\u00e3o.<\/p>\n<p>Se voc\u00ea quiser fazer parte da equipe da <strong>MAXIM TALLERES MECANICOS, S.L. <\/strong>os dados dos usu\u00e1rios e a documenta\u00e7\u00e3o que nos for fornecida ser\u00e3o processados a fim de avaliar o perfil do(a) candidato(a) e consider\u00e1-lo para poss\u00edveis vagas na empresa.<\/p>\n<p><strong>3. Processamento de dados<\/strong><\/p>\n<p>De acordo com a norma aplic\u00e1vel, a <strong>MAXIM TALLERES MECANICOS, S.L. <\/strong>compromete-se a processar os dados aos quais tem acesso, aplicando as medidas t\u00e9cnicas, preventivas e organizacionais adequadas. Desta forma, garantimos o mais alto n\u00edvel de seguran\u00e7a e confidencialidade, integridade e disponibilidade dos servi\u00e7os e sistemas de processamento de dados.<\/p>\n<p><strong>4. Comunica\u00e7\u00e3o de informa\u00e7\u00e3o a terceiros<\/strong><\/p>\n<p>A <strong>MAXIM TALLERES MECANICOS, S.L. <\/strong>informa os usu\u00e1rios que os seus dados pessoais n\u00e3o ser\u00e3o transferidos para organiza\u00e7\u00f5es terceiros, com a salvaguarda dessa dita cess\u00e3o estar protegida por uma obriga\u00e7\u00e3o legal ou quando o fornecimento de um servi\u00e7o implicar a necessidade de uma rela\u00e7\u00e3o contratual com um respons\u00e1vel pelo processamento. Neste \u00faltimo caso, apenas a transfer\u00eancia de dados para o terceiro ser\u00e1 realizada quando a <strong>MAXIM TALLERES MECANICOS, S.L. <\/strong>tiver o consentimento expresso do usu\u00e1rio.<\/p>\n<p>\u00c9 poss\u00edvel que alguns dos nossos fornecedores, por exemplo o Google, processem dados fora das fronteiras da Uni\u00e3o Europeia. Nesses casos, exigimos que o provedor esteja adscrito a um protocolo de adapta\u00e7\u00e3o de prote\u00e7\u00e3o de dados aprovado pela Uni\u00e3o Europeia.<\/p>\n<p><strong>5. Tempo de conserva\u00e7\u00e3o dos dados<\/strong><\/p>\n<p>A <strong>MAXIM TALLERES MECANICOS, S.L. <\/strong>ir\u00e1 conservar todos os dados do usu\u00e1rio at\u00e9 que seja solicitada especificamente a sua elimina\u00e7\u00e3o ou, pelo contr\u00e1rio, at\u00e9 o fim da rela\u00e7\u00e3o empresarial que o ligue \u00e0 nossa empresa. Nesse caso, os dados ser\u00e3o exclu\u00eddos quando cumpridos os termos legais forem previstos.<\/p>\n<p><strong>6. Direitos dos usu\u00e1rios<\/strong><\/p>\n<p>Poder\u00e1 sempre o usu\u00e1rio exercer os direitos de acesso, retifica\u00e7\u00e3o, exclus\u00e3o, limita\u00e7\u00e3o, oposi\u00e7\u00e3o e portabilidade, de acordo com o previsto na normativa legal em mat\u00e9ria de pol\u00edtica de privacidade.<\/p>\n<p>Para fazer uso desses direitos, dever\u00e1 entrar em contato connosco por meio de carta, fornecendo documenta\u00e7\u00e3o que prove a sua identidade (Cart\u00e3o de Cidad\u00e3o ou passaporte), para o seguinte endere\u00e7o:<\/p>\n<p><strong>MTT-MAXIM, Ctra. Santa Coloma, 19-29 08913 Badalona Barcelona &#8211; ESPANHA<\/strong><\/p>\n<p>ou por correio eletr\u00f3nico: <a href=\"mailto:protecciondatos@mtt-maxim.com\">protecciondedatos@mtt-maxim.com<\/a><\/p>\n<p>Essa comunica\u00e7\u00e3o deve indicar clara e concisamente os seus dados de identifica\u00e7\u00e3o e credenciamento, bem como a sua solicita\u00e7\u00e3o em rela\u00e7\u00e3o aos seus dados.<\/p>\n<p><strong>7. Responsabilidades dos usu\u00e1rios<\/strong><\/p>\n<p>O usu\u00e1rio responsabiliza-se por todos os dados fornecidos e enviados para a <strong>MAXIM TALLERES MECANICOS, S.L. <\/strong>serem verdadeiros, precisos, atualizados, atuais e aut\u00eanticos.<\/p>\n<p>Da mesma forma, tamb\u00e9m \u00e9 respons\u00e1vel pelo consentimento dado \u00e0 empresa para o seu processamento e utiliza\u00e7\u00e3o. Da mesma forma, o usu\u00e1rio \u00e9 respons\u00e1vel pelos dados de terceiros que nos possam fornecer, com rela\u00e7\u00e3o aos quais est\u00e1 obrigado a ter o consentimento expresso.<\/p>\n<p><strong>8. Legisla\u00e7\u00e3o e jurisdi\u00e7\u00e3o<\/strong><\/p>\n<p>O facto de entrar no site e nas aplica\u00e7\u00f5es da <strong>MAXIM TALLERES MECANICOS, S.L. <\/strong>implica a aceita\u00e7\u00e3o das condi\u00e7\u00f5es estabelecidas nesta Pol\u00edtica de Privacidade. Se voc\u00ea n\u00e3o aceitar essas condi\u00e7\u00f5es, dever\u00e1 evitar utilizar e visitar o nosso site.<\/p>\n<p>Qualquer tipo de inconveni\u00eancia e controv\u00e9rsia que possa surgir, ser\u00e1 regido pela legisla\u00e7\u00e3o espanhola e ser\u00e1 submetida aos Tribunais da cidade mais pr\u00f3xima da sede da <strong>MAXIM TALLERES MECANICOS, S.L.<\/strong><\/p>\n<p><strong>MAIS INFORMA\u00c7\u00c3O<\/strong><\/p>\n<ul>\n<li><a href=\"\/pt-pt\/aviso-legal\/\">Aviso legal<\/a><\/li>\n<li><a href=\"\/pt-pt\/cookies\/\">Informa\u00e7\u00f5es sobre os cookies<\/a><\/li>\n<\/ul>\n<\/div><\/div><\/div><\/div><\/div>\n","protected":false},"excerpt":{"rendered":"","protected":false},"author":1,"featured_media":0,"parent":0,"menu_order":0,"comment_status":"closed","ping_status":"closed","template":"100-width.php","meta":{"footnotes":""},"class_list":["post-11397","page","type-page","status-publish","hentry"],"yoast_head":"<!-- This site is optimized with the Yoast SEO plugin v27.3 - https:\/\/yoast.com\/product\/yoast-seo-wordpress\/ -->\n<title>Pol\u00edtica de privacidade da MTT Maxim - Produtos para bet\u00e3o pr\u00e9-fabricado<\/title>\n<meta name=\"description\" content=\"Informa\u00e7\u00f5es sobre a pol\u00edtica de privacidade no site da MTT Maxim, fabricante e distribuidor de maquinaria e consum\u00edveis para bet\u00e3o pr\u00e9-fabricado.\" \/>\n<meta name=\"robots\" content=\"index, follow, max-snippet:-1, max-image-preview:large, max-video-preview:-1\" \/>\n<link rel=\"canonical\" href=\"https:\/\/mtt-maxim.com\/pt-pt\/politica-de-privacidade\/\" \/>\n<meta property=\"og:locale\" content=\"pt_PT\" \/>\n<meta property=\"og:type\" content=\"article\" \/>\n<meta property=\"og:title\" content=\"Pol\u00edtica de privacidade da MTT Maxim - Produtos para bet\u00e3o pr\u00e9-fabricado\" \/>\n<meta property=\"og:description\" content=\"Informa\u00e7\u00f5es sobre a pol\u00edtica de privacidade no site da MTT Maxim, fabricante e distribuidor de maquinaria e consum\u00edveis para bet\u00e3o pr\u00e9-fabricado.\" \/>\n<meta property=\"og:url\" content=\"https:\/\/mtt-maxim.com\/pt-pt\/politica-de-privacidade\/\" \/>\n<meta property=\"og:site_name\" content=\"Maquinaria y consumibles para el prefabricado de hormig\u00f3n MTT Maxim\" \/>\n<meta property=\"article:modified_time\" content=\"2023-11-17T11:33:33+00:00\" \/>\n<meta name=\"twitter:card\" content=\"summary_large_image\" \/>\n<meta name=\"twitter:label1\" content=\"Tempo estimado de leitura\" \/>\n\t<meta name=\"twitter:data1\" content=\"6 minutos\" \/>\n<script type=\"application\/ld+json\" class=\"yoast-schema-graph\">{\"@context\":\"https:\\\/\\\/schema.org\",\"@graph\":[{\"@type\":\"WebPage\",\"@id\":\"https:\\\/\\\/mtt-maxim.com\\\/pt-pt\\\/politica-de-privacidade\\\/\",\"url\":\"https:\\\/\\\/mtt-maxim.com\\\/pt-pt\\\/politica-de-privacidade\\\/\",\"name\":\"Pol\u00edtica de privacidade da MTT Maxim - Produtos para bet\u00e3o pr\u00e9-fabricado\",\"isPartOf\":{\"@id\":\"https:\\\/\\\/mtt-maxim.com\\\/pt-pt\\\/#website\"},\"datePublished\":\"2023-09-19T12:25:42+00:00\",\"dateModified\":\"2023-11-17T11:33:33+00:00\",\"description\":\"Informa\u00e7\u00f5es sobre a pol\u00edtica de privacidade no site da MTT Maxim, fabricante e distribuidor de maquinaria e consum\u00edveis para bet\u00e3o pr\u00e9-fabricado.\",\"breadcrumb\":{\"@id\":\"https:\\\/\\\/mtt-maxim.com\\\/pt-pt\\\/politica-de-privacidade\\\/#breadcrumb\"},\"inLanguage\":\"pt-PT\",\"potentialAction\":[{\"@type\":\"ReadAction\",\"target\":[\"https:\\\/\\\/mtt-maxim.com\\\/pt-pt\\\/politica-de-privacidade\\\/\"]}]},{\"@type\":\"BreadcrumbList\",\"@id\":\"https:\\\/\\\/mtt-maxim.com\\\/pt-pt\\\/politica-de-privacidade\\\/#breadcrumb\",\"itemListElement\":[{\"@type\":\"ListItem\",\"position\":1,\"name\":\"Inicio\",\"item\":\"https:\\\/\\\/mtt-maxim.com\\\/pt-pt\\\/\"},{\"@type\":\"ListItem\",\"position\":2,\"name\":\"Pol\u00edtica de privacidade\"}]},{\"@type\":\"WebSite\",\"@id\":\"https:\\\/\\\/mtt-maxim.com\\\/pt-pt\\\/#website\",\"url\":\"https:\\\/\\\/mtt-maxim.com\\\/pt-pt\\\/\",\"name\":\"Maquinaria y consumibles para el prefabricado de hormig\u00f3n MTT Maxim\",\"description\":\"\",\"potentialAction\":[{\"@type\":\"SearchAction\",\"target\":{\"@type\":\"EntryPoint\",\"urlTemplate\":\"https:\\\/\\\/mtt-maxim.com\\\/pt-pt\\\/?s={search_term_string}\"},\"query-input\":{\"@type\":\"PropertyValueSpecification\",\"valueRequired\":true,\"valueName\":\"search_term_string\"}}],\"inLanguage\":\"pt-PT\"}]}<\/script>\n<!-- \/ Yoast SEO plugin. -->","yoast_head_json":{"title":"Pol\u00edtica de privacidade da MTT Maxim - Produtos para bet\u00e3o pr\u00e9-fabricado","description":"Informa\u00e7\u00f5es sobre a pol\u00edtica de privacidade no site da MTT Maxim, fabricante e distribuidor de maquinaria e consum\u00edveis para bet\u00e3o pr\u00e9-fabricado.","robots":{"index":"index","follow":"follow","max-snippet":"max-snippet:-1","max-image-preview":"max-image-preview:large","max-video-preview":"max-video-preview:-1"},"canonical":"https:\/\/mtt-maxim.com\/pt-pt\/politica-de-privacidade\/","og_locale":"pt_PT","og_type":"article","og_title":"Pol\u00edtica de privacidade da MTT Maxim - Produtos para bet\u00e3o pr\u00e9-fabricado","og_description":"Informa\u00e7\u00f5es sobre a pol\u00edtica de privacidade no site da MTT Maxim, fabricante e distribuidor de maquinaria e consum\u00edveis para bet\u00e3o pr\u00e9-fabricado.","og_url":"https:\/\/mtt-maxim.com\/pt-pt\/politica-de-privacidade\/","og_site_name":"Maquinaria y consumibles para el prefabricado de hormig\u00f3n MTT Maxim","article_modified_time":"2023-11-17T11:33:33+00:00","twitter_card":"summary_large_image","twitter_misc":{"Tempo estimado de leitura":"6 minutos"},"schema":{"@context":"https:\/\/schema.org","@graph":[{"@type":"WebPage","@id":"https:\/\/mtt-maxim.com\/pt-pt\/politica-de-privacidade\/","url":"https:\/\/mtt-maxim.com\/pt-pt\/politica-de-privacidade\/","name":"Pol\u00edtica de privacidade da MTT Maxim - Produtos para bet\u00e3o pr\u00e9-fabricado","isPartOf":{"@id":"https:\/\/mtt-maxim.com\/pt-pt\/#website"},"datePublished":"2023-09-19T12:25:42+00:00","dateModified":"2023-11-17T11:33:33+00:00","description":"Informa\u00e7\u00f5es sobre a pol\u00edtica de privacidade no site da MTT Maxim, fabricante e distribuidor de maquinaria e consum\u00edveis para bet\u00e3o pr\u00e9-fabricado.","breadcrumb":{"@id":"https:\/\/mtt-maxim.com\/pt-pt\/politica-de-privacidade\/#breadcrumb"},"inLanguage":"pt-PT","potentialAction":[{"@type":"ReadAction","target":["https:\/\/mtt-maxim.com\/pt-pt\/politica-de-privacidade\/"]}]},{"@type":"BreadcrumbList","@id":"https:\/\/mtt-maxim.com\/pt-pt\/politica-de-privacidade\/#breadcrumb","itemListElement":[{"@type":"ListItem","position":1,"name":"Inicio","item":"https:\/\/mtt-maxim.com\/pt-pt\/"},{"@type":"ListItem","position":2,"name":"Pol\u00edtica de privacidade"}]},{"@type":"WebSite","@id":"https:\/\/mtt-maxim.com\/pt-pt\/#website","url":"https:\/\/mtt-maxim.com\/pt-pt\/","name":"Maquinaria y consumibles para el prefabricado de hormig\u00f3n MTT Maxim","description":"","potentialAction":[{"@type":"SearchAction","target":{"@type":"EntryPoint","urlTemplate":"https:\/\/mtt-maxim.com\/pt-pt\/?s={search_term_string}"},"query-input":{"@type":"PropertyValueSpecification","valueRequired":true,"valueName":"search_term_string"}}],"inLanguage":"pt-PT"}]}},"_links":{"self":[{"href":"https:\/\/mtt-maxim.com\/pt-pt\/wp-json\/wp\/v2\/pages\/11397","targetHints":{"allow":["GET"]}}],"collection":[{"href":"https:\/\/mtt-maxim.com\/pt-pt\/wp-json\/wp\/v2\/pages"}],"about":[{"href":"https:\/\/mtt-maxim.com\/pt-pt\/wp-json\/wp\/v2\/types\/page"}],"author":[{"embeddable":true,"href":"https:\/\/mtt-maxim.com\/pt-pt\/wp-json\/wp\/v2\/users\/1"}],"replies":[{"embeddable":true,"href":"https:\/\/mtt-maxim.com\/pt-pt\/wp-json\/wp\/v2\/comments?post=11397"}],"version-history":[{"count":0,"href":"https:\/\/mtt-maxim.com\/pt-pt\/wp-json\/wp\/v2\/pages\/11397\/revisions"}],"wp:attachment":[{"href":"https:\/\/mtt-maxim.com\/pt-pt\/wp-json\/wp\/v2\/media?parent=11397"}],"curies":[{"name":"wp","href":"https:\/\/api.w.org\/{rel}","templated":true}]}}