{"id":11383,"date":"2023-09-19T14:30:29","date_gmt":"2023-09-19T12:30:29","guid":{"rendered":"https:\/\/mtt-maxim.pruebasweb.com.es\/?page_id=11383"},"modified":"2025-09-19T08:57:13","modified_gmt":"2025-09-19T06:57:13","slug":"cookies","status":"publish","type":"page","link":"https:\/\/mtt-maxim.com\/pt-pt\/cookies\/","title":{"rendered":"Informa\u00e7\u00f5es sobre os cookies"},"content":{"rendered":"<div class=\"fusion-fullwidth fullwidth-box fusion-builder-row-1 fusion-flex-container has-pattern-background has-mask-background nonhundred-percent-fullwidth non-hundred-percent-height-scrolling\" style=\"--awb-border-radius-top-left:0px;--awb-border-radius-top-right:0px;--awb-border-radius-bottom-right:0px;--awb-border-radius-bottom-left:0px;--awb-padding-bottom:6%;--awb-flex-wrap:wrap;\" ><div class=\"fusion-builder-row fusion-row fusion-flex-align-items-flex-start fusion-flex-content-wrap\" style=\"max-width:1300px;margin-left: calc(-4% \/ 2 );margin-right: calc(-4% \/ 2 );\"><div class=\"fusion-layout-column fusion_builder_column fusion-builder-column-0 fusion_builder_column_1_1 1_1 fusion-flex-column\" style=\"--awb-bg-size:cover;--awb-width-large:100%;--awb-margin-top-large:0px;--awb-spacing-right-large:1.92%;--awb-margin-bottom-large:20px;--awb-spacing-left-large:1.92%;--awb-width-medium:100%;--awb-order-medium:0;--awb-spacing-right-medium:1.92%;--awb-spacing-left-medium:1.92%;--awb-width-small:100%;--awb-order-small:0;--awb-spacing-right-small:1.92%;--awb-spacing-left-small:1.92%;\"><div class=\"fusion-column-wrapper fusion-column-has-shadow fusion-flex-justify-content-flex-start fusion-content-layout-column\"><div class=\"fusion-text fusion-text-1\" style=\"--awb-content-alignment:justify;\"><h2>Uso de cookies<\/h2>\n<p style=\"text-align: justify;\">No nosso site, usamos cookies pr\u00f3prias e de terceiros (Google Analytics) para melhorar a sua experi\u00eancia de usu\u00e1rio e coletar dados estat\u00edsticos sobre o uso do nosso site por parte dos usu\u00e1rios. As cookies s\u00e3o associadas apenas ao navegador que est\u00e1 a utilizar, para que nenhum dado pessoal seja armazenado sobre o usu\u00e1rio que visita o nosso site. Poder\u00e1 configurar o seu navegador para notificar e\/ou rejeitar a instala\u00e7\u00e3o das cookies, sem afetar a capacidade do usu\u00e1rio de acessar \u00e0s diferentes \u00e1reas do site, exceto ao servi\u00e7o de chat de suporte t\u00e9cnico.<\/p>\n<p>Se estiver a navegar no nosso site, estar\u00e1 a aceitar o uso de cookies sob as condi\u00e7\u00f5es estabelecidas nesta <strong>Pol\u00edtica de Cookies.<\/strong> Esta pol\u00edtica pode ser atualizada, por isso, convidamos a analis\u00e1-la regularmente.<\/p>\n<h3>O que s\u00e3o os cookies?<\/h3>\n<p style=\"text-align: justify;\">S\u00e3o pequenos ficheiros de dados que o servidor da Internet envia para o dispositivo com o qual est\u00e1 conectado ao nosso site e os arquiva. Eles est\u00e3o associados apenas ao seu navegador e n\u00e3o fornecem dados pessoais por si mesmos. Os cookies n\u00e3o podem danificar o seu dispositivo e tamb\u00e9m s\u00e3o muito \u00fateis, pois ajudam-nos a identificar e resolver erros.<\/p>\n<p>Se voc\u00ea quiser mais informa\u00e7\u00f5es sobre o seu funcionamento, recomendamos que visite <a href=\"http:\/\/www.allaboutcookies.org\" target=\"_blank\" rel=\"noopener noreferrer\"><strong>www.allaboutcookies.org <\/strong><\/a>e <a href=\"http:\/\/www.youronlinechoices.eu\/es\/\" target=\"_blank\" rel=\"noopener noreferrer\"><strong>www.youronlinechoices.eu<\/strong><\/a><\/p>\n<h3><span style=\"font-size: 1.17em; text-align: justify; line-height: 1.5em;\">Cookies das redes sociais<\/span><\/h3>\n<p style=\"text-align: justify;\">O nosso site inclui bot\u00f5es que os usu\u00e1rios podem usar, de forma simples e intuitiva, para vincular e compartilhar certos conte\u00fados nas redes sociais, como Facebook, Twitter, Google+, LinkedIn ou Pinterest. Essa funcionalidade envolve o uso dos cookies que se vinculam aos sites dessas redes sociais, armazenando as informa\u00e7\u00f5es apenas neles.<\/p>\n<h3 style=\"text-align: justify;\">Configura\u00e7\u00e3o dos cookies<\/h3>\n<p style=\"text-align: justify;\">Pode consultar as etapas para desabilitar a instala\u00e7\u00e3o dos cookies na se\u00e7\u00e3o \u201cAjuda\u201d do seu navegador: Microsoft Internet Explorer, Google Chrome, Safari, Mozilla Firefox e Opera.<\/p>\n<p><span style=\"line-height: 1.5em;\">Muitos navegadores permitem que ative um modo privado, atrav\u00e9s do qual os cookies s\u00e3o sempre exclu\u00eddos ap\u00f3s a sua visita ao site. Dependendo de cada navegador, esse modo privado pode ter nomes diferentes. Seguidamente encontrar\u00e1 uma lista dos navegadores mais comuns e os diferentes nomes desse \u201cmodo privado&#8221;:<\/span><\/p>\n<ul>\n<li>Internet Explorer 8 e superior &#8211; InPrivate<\/li>\n<li>Microsoft Edge<\/li>\n<li>Opera 10.5 e superior &#8211; Navega\u00e7\u00e3o Privada<\/li>\n<li>Google Chrome 10 e superior &#8211; An\u00f3nimo<\/li>\n<li>Safari 2 e superior &#8211; Navega\u00e7\u00e3o Privada<\/li>\n<li>Firefox 3.5 e superior &#8211; Navega\u00e7\u00e3o Privada<\/li>\n<\/ul>\n<p>Seguidamente detalhamos a lista de cookies utilizados em <a href=\"https:\/\/mtt-maxim.com\/pt-pt\/\"><strong>mtt-maxim.com<\/strong><\/a>:<\/p>\n<\/div>\n<div class=\"table-1\">\n<table width=\"100%\">\n<thead>\n<tr>\n<th>Cookie<\/th>\n<th>Tipo<\/th>\n<th>Dura\u00e7\u00e3o<\/th>\n<th>Descri\u00e7\u00e3o<\/th>\n<\/tr>\n<\/thead>\n<tbody>\n<tr>\n<td>devicePixelRatio<\/td>\n<td>Associado ao site<\/td>\n<td>Aos 7 dias<\/td>\n<td>Utiliza-se para diferenciar entre os diferentes objetos de rastreamento criados na sess\u00e3o.<\/td>\n<\/tr>\n<tr>\n<td>wordpress_test_cookie<\/td>\n<td>De terceiros<\/td>\n<td>Sess\u00e3o<\/td>\n<td>Este cookie \u00e9 utilizado para que o gestor de conte\u00fados WordPress verifique se o navegador tem os cookies ativados<\/td>\n<\/tr>\n<tr>\n<td>wordpress_logged_in[hash]<\/td>\n<td>De terceiros<\/td>\n<td>Sess\u00e3o<\/td>\n<td>Indica se o usu\u00e1rio est\u00e1 ligado e quem \u00e9<\/td>\n<\/tr>\n<tr>\n<td>wp-settings-1<\/td>\n<td>De terceiros<\/td>\n<td>Ao fechar o navegador<\/td>\n<td>Usa-se para personalizar a interface do usu\u00e1rio<\/td>\n<\/tr>\n<tr>\n<td>wp-settings-time-1<\/td>\n<td>Pr\u00f3prio<\/td>\n<td>1 ano<\/td>\n<td>Personalizar a interface<\/td>\n<\/tr>\n<td align=\"left\">_utmc<\/td>\n<td align=\"left\">Terceiros<\/td>\n<td align=\"left\">No final da sess\u00e3o de navega\u00e7\u00e3o<\/td>\n<td align=\"left\">Usado pelo Google Analytics.<\/td>\n<\/tr>\n<tr>\n<td align=\"left\">_utmv<\/td>\n<td align=\"left\">Terceiros<\/td>\n<td align=\"left\">6 meses<\/td>\n<td align=\"left\">Usado pelo Google Analytics.<\/td>\n<\/tr>\n<tr>\n<td alinhar=\"esquerda\">_utmz<\/td>\n<td align=\"left\">Terceiros<\/td>\n<td align=\"left\">2 anos<\/td>\n<td align=\"left\">Usado pelo Google Analytics.<\/td>\n<\/tr>\n<tr>\n<td alinhar=\"esquerda\">__utma<\/td>\n<td align=\"left\">Terceiros<\/td>\n<td align=\"left\">2 anos<\/td>\n<td align=\"left\">Usado pelo Google Analytics.<\/td>\n<\/tr>\n<tr>\n<td align=\"left\">__utmb<\/td>\n<td align=\"left\">Terceiros<\/td>\n<td align=\"left\">30 minutos<\/td>\n<td align=\"left\">Usado pelo Google Analytics.<\/td>\n<\/tr>\n<\/tbody>\n<\/table>\n<\/div>\n<\/div><\/div><\/div><\/div>\n","protected":false},"excerpt":{"rendered":"","protected":false},"author":1,"featured_media":0,"parent":0,"menu_order":0,"comment_status":"closed","ping_status":"closed","template":"100-width.php","meta":{"footnotes":""},"class_list":["post-11383","page","type-page","status-publish","hentry"],"yoast_head":"<!-- This site is optimized with the Yoast SEO plugin v27.3 - https:\/\/yoast.com\/product\/yoast-seo-wordpress\/ -->\n<title>Informa\u00e7\u00f5es sobre os cookies da MTT Maxim - Consum\u00edveis e maquinaria para pr\u00e9-fabricados<\/title>\n<meta name=\"description\" content=\"Informa\u00e7\u00f5es sobre o uso de cookies no nosso site. A MTT Maxim \u00e9 fabricante e distribuidor de maquinaria e consum\u00edveis para bet\u00e3o pr\u00e9-fabricado.\" \/>\n<meta name=\"robots\" content=\"index, follow, max-snippet:-1, max-image-preview:large, max-video-preview:-1\" \/>\n<link rel=\"canonical\" href=\"https:\/\/mtt-maxim.com\/pt-pt\/cookies\/\" \/>\n<meta property=\"og:locale\" content=\"pt_PT\" \/>\n<meta property=\"og:type\" content=\"article\" \/>\n<meta property=\"og:title\" content=\"Informa\u00e7\u00f5es sobre os cookies da MTT Maxim - Consum\u00edveis e maquinaria para pr\u00e9-fabricados\" \/>\n<meta property=\"og:description\" content=\"Informa\u00e7\u00f5es sobre o uso de cookies no nosso site. A MTT Maxim \u00e9 fabricante e distribuidor de maquinaria e consum\u00edveis para bet\u00e3o pr\u00e9-fabricado.\" \/>\n<meta property=\"og:url\" content=\"https:\/\/mtt-maxim.com\/pt-pt\/cookies\/\" \/>\n<meta property=\"og:site_name\" content=\"Maquinaria y consumibles para el prefabricado de hormig\u00f3n MTT Maxim\" \/>\n<meta property=\"article:modified_time\" content=\"2025-09-19T06:57:13+00:00\" \/>\n<meta name=\"twitter:card\" content=\"summary_large_image\" \/>\n<meta name=\"twitter:label1\" content=\"Tempo estimado de leitura\" \/>\n\t<meta name=\"twitter:data1\" content=\"3 minutos\" \/>\n<script type=\"application\/ld+json\" class=\"yoast-schema-graph\">{\"@context\":\"https:\\\/\\\/schema.org\",\"@graph\":[{\"@type\":\"WebPage\",\"@id\":\"https:\\\/\\\/mtt-maxim.com\\\/pt-pt\\\/cookies\\\/\",\"url\":\"https:\\\/\\\/mtt-maxim.com\\\/pt-pt\\\/cookies\\\/\",\"name\":\"Informa\u00e7\u00f5es sobre os cookies da MTT Maxim - Consum\u00edveis e maquinaria para pr\u00e9-fabricados\",\"isPartOf\":{\"@id\":\"https:\\\/\\\/mtt-maxim.com\\\/pt-pt\\\/#website\"},\"datePublished\":\"2023-09-19T12:30:29+00:00\",\"dateModified\":\"2025-09-19T06:57:13+00:00\",\"description\":\"Informa\u00e7\u00f5es sobre o uso de cookies no nosso site. A MTT Maxim \u00e9 fabricante e distribuidor de maquinaria e consum\u00edveis para bet\u00e3o pr\u00e9-fabricado.\",\"breadcrumb\":{\"@id\":\"https:\\\/\\\/mtt-maxim.com\\\/pt-pt\\\/cookies\\\/#breadcrumb\"},\"inLanguage\":\"pt-PT\",\"potentialAction\":[{\"@type\":\"ReadAction\",\"target\":[\"https:\\\/\\\/mtt-maxim.com\\\/pt-pt\\\/cookies\\\/\"]}]},{\"@type\":\"BreadcrumbList\",\"@id\":\"https:\\\/\\\/mtt-maxim.com\\\/pt-pt\\\/cookies\\\/#breadcrumb\",\"itemListElement\":[{\"@type\":\"ListItem\",\"position\":1,\"name\":\"Inicio\",\"item\":\"https:\\\/\\\/mtt-maxim.com\\\/pt-pt\\\/\"},{\"@type\":\"ListItem\",\"position\":2,\"name\":\"Informa\u00e7\u00f5es sobre os cookies\"}]},{\"@type\":\"WebSite\",\"@id\":\"https:\\\/\\\/mtt-maxim.com\\\/pt-pt\\\/#website\",\"url\":\"https:\\\/\\\/mtt-maxim.com\\\/pt-pt\\\/\",\"name\":\"Maquinaria y consumibles para el prefabricado de hormig\u00f3n MTT Maxim\",\"description\":\"\",\"potentialAction\":[{\"@type\":\"SearchAction\",\"target\":{\"@type\":\"EntryPoint\",\"urlTemplate\":\"https:\\\/\\\/mtt-maxim.com\\\/pt-pt\\\/?s={search_term_string}\"},\"query-input\":{\"@type\":\"PropertyValueSpecification\",\"valueRequired\":true,\"valueName\":\"search_term_string\"}}],\"inLanguage\":\"pt-PT\"}]}<\/script>\n<!-- \/ Yoast SEO plugin. -->","yoast_head_json":{"title":"Informa\u00e7\u00f5es sobre os cookies da MTT Maxim - Consum\u00edveis e maquinaria para pr\u00e9-fabricados","description":"Informa\u00e7\u00f5es sobre o uso de cookies no nosso site. A MTT Maxim \u00e9 fabricante e distribuidor de maquinaria e consum\u00edveis para bet\u00e3o pr\u00e9-fabricado.","robots":{"index":"index","follow":"follow","max-snippet":"max-snippet:-1","max-image-preview":"max-image-preview:large","max-video-preview":"max-video-preview:-1"},"canonical":"https:\/\/mtt-maxim.com\/pt-pt\/cookies\/","og_locale":"pt_PT","og_type":"article","og_title":"Informa\u00e7\u00f5es sobre os cookies da MTT Maxim - Consum\u00edveis e maquinaria para pr\u00e9-fabricados","og_description":"Informa\u00e7\u00f5es sobre o uso de cookies no nosso site. A MTT Maxim \u00e9 fabricante e distribuidor de maquinaria e consum\u00edveis para bet\u00e3o pr\u00e9-fabricado.","og_url":"https:\/\/mtt-maxim.com\/pt-pt\/cookies\/","og_site_name":"Maquinaria y consumibles para el prefabricado de hormig\u00f3n MTT Maxim","article_modified_time":"2025-09-19T06:57:13+00:00","twitter_card":"summary_large_image","twitter_misc":{"Tempo estimado de leitura":"3 minutos"},"schema":{"@context":"https:\/\/schema.org","@graph":[{"@type":"WebPage","@id":"https:\/\/mtt-maxim.com\/pt-pt\/cookies\/","url":"https:\/\/mtt-maxim.com\/pt-pt\/cookies\/","name":"Informa\u00e7\u00f5es sobre os cookies da MTT Maxim - Consum\u00edveis e maquinaria para pr\u00e9-fabricados","isPartOf":{"@id":"https:\/\/mtt-maxim.com\/pt-pt\/#website"},"datePublished":"2023-09-19T12:30:29+00:00","dateModified":"2025-09-19T06:57:13+00:00","description":"Informa\u00e7\u00f5es sobre o uso de cookies no nosso site. A MTT Maxim \u00e9 fabricante e distribuidor de maquinaria e consum\u00edveis para bet\u00e3o pr\u00e9-fabricado.","breadcrumb":{"@id":"https:\/\/mtt-maxim.com\/pt-pt\/cookies\/#breadcrumb"},"inLanguage":"pt-PT","potentialAction":[{"@type":"ReadAction","target":["https:\/\/mtt-maxim.com\/pt-pt\/cookies\/"]}]},{"@type":"BreadcrumbList","@id":"https:\/\/mtt-maxim.com\/pt-pt\/cookies\/#breadcrumb","itemListElement":[{"@type":"ListItem","position":1,"name":"Inicio","item":"https:\/\/mtt-maxim.com\/pt-pt\/"},{"@type":"ListItem","position":2,"name":"Informa\u00e7\u00f5es sobre os cookies"}]},{"@type":"WebSite","@id":"https:\/\/mtt-maxim.com\/pt-pt\/#website","url":"https:\/\/mtt-maxim.com\/pt-pt\/","name":"Maquinaria y consumibles para el prefabricado de hormig\u00f3n MTT Maxim","description":"","potentialAction":[{"@type":"SearchAction","target":{"@type":"EntryPoint","urlTemplate":"https:\/\/mtt-maxim.com\/pt-pt\/?s={search_term_string}"},"query-input":{"@type":"PropertyValueSpecification","valueRequired":true,"valueName":"search_term_string"}}],"inLanguage":"pt-PT"}]}},"_links":{"self":[{"href":"https:\/\/mtt-maxim.com\/pt-pt\/wp-json\/wp\/v2\/pages\/11383","targetHints":{"allow":["GET"]}}],"collection":[{"href":"https:\/\/mtt-maxim.com\/pt-pt\/wp-json\/wp\/v2\/pages"}],"about":[{"href":"https:\/\/mtt-maxim.com\/pt-pt\/wp-json\/wp\/v2\/types\/page"}],"author":[{"embeddable":true,"href":"https:\/\/mtt-maxim.com\/pt-pt\/wp-json\/wp\/v2\/users\/1"}],"replies":[{"embeddable":true,"href":"https:\/\/mtt-maxim.com\/pt-pt\/wp-json\/wp\/v2\/comments?post=11383"}],"version-history":[{"count":0,"href":"https:\/\/mtt-maxim.com\/pt-pt\/wp-json\/wp\/v2\/pages\/11383\/revisions"}],"wp:attachment":[{"href":"https:\/\/mtt-maxim.com\/pt-pt\/wp-json\/wp\/v2\/media?parent=11383"}],"curies":[{"name":"wp","href":"https:\/\/api.w.org\/{rel}","templated":true}]}}