{"id":11360,"date":"2023-09-19T14:13:40","date_gmt":"2023-09-19T14:13:40","guid":{"rendered":"https:\/\/mtt-maxim.pruebasweb.com.es\/?page_id=11360"},"modified":"2023-11-14T11:28:38","modified_gmt":"2023-11-14T11:28:38","slug":"aviso-legal","status":"publish","type":"page","link":"https:\/\/mtt-maxim.com\/pt-pt\/aviso-legal\/","title":{"rendered":"Aviso legal"},"content":{"rendered":"<div class=\"fusion-fullwidth fullwidth-box fusion-builder-row-1 fusion-flex-container has-pattern-background has-mask-background nonhundred-percent-fullwidth non-hundred-percent-height-scrolling\" style=\"--awb-border-radius-top-left:0px;--awb-border-radius-top-right:0px;--awb-border-radius-bottom-right:0px;--awb-border-radius-bottom-left:0px;--awb-padding-bottom:6%;--awb-flex-wrap:wrap;\" ><div class=\"fusion-builder-row fusion-row fusion-flex-align-items-flex-start fusion-flex-content-wrap\" style=\"max-width:1300px;margin-left: calc(-4% \/ 2 );margin-right: calc(-4% \/ 2 );\"><div class=\"fusion-layout-column fusion_builder_column fusion-builder-column-0 fusion_builder_column_1_1 1_1 fusion-flex-column\" style=\"--awb-bg-size:cover;--awb-width-large:100%;--awb-margin-top-large:0px;--awb-spacing-right-large:1.92%;--awb-margin-bottom-large:20px;--awb-spacing-left-large:1.92%;--awb-width-medium:100%;--awb-order-medium:0;--awb-spacing-right-medium:1.92%;--awb-spacing-left-medium:1.92%;--awb-width-small:100%;--awb-order-small:0;--awb-spacing-right-small:1.92%;--awb-spacing-left-small:1.92%;\"><div class=\"fusion-column-wrapper fusion-column-has-shadow fusion-flex-justify-content-flex-start fusion-content-layout-column\"><div class=\"fusion-text fusion-text-1\" style=\"--awb-content-alignment:justify;\"><p>No cumprimento da Lei 34\/2002 sobre Servi\u00e7os da Sociedade da Informa\u00e7\u00e3o e Com\u00e9rcio Eletr\u00f4nico da Espanha, informamos que este site \u00e9 propriedade da MAXIM TALLERES MECANICOS, S.L., com sede na Ctra. Santa Coloma, 19-29 08913 Badalona Barcelona &#8211; ESPANHA, com N\u00famero de Contribuinte (NIF) B58253964, e inscrita na Conservat\u00f3ria do Registo Comercial de\u00a0 Barcelona. Volume 23797, F\u00f3lio 145, P\u00e1gina B-58827, inscri\u00e7\u00e3o 2\u00aa.<\/p>\n<p>Este site rege-se exclusivamente pelos regulamentos aplic\u00e1veis na Espanha, ficando submetido \u00e0 eles tanto nacionais como estrangeiros que utilizam este site.<\/p>\n<p>O acesso ao nosso site pelo USU\u00c1RIO \u00e9 gratuito e est\u00e1 sujeito a leitura pr\u00e9via e aceita\u00e7\u00e3o integral, expressa e sem reservas destas CONDI\u00c7\u00d5ES GERAIS DE UTILIZA\u00c7\u00c3O em vigor no momento do acesso, que pedimos que voc\u00ea leia com aten\u00e7\u00e3o. O USU\u00c1RIO ao aceder ao nosso site, aos seus conte\u00fados ou servi\u00e7os, aceita e submete-se expressamente \u00e0s condi\u00e7\u00f5es gerais de utiliza\u00e7\u00e3o do mesmo. Se o usu\u00e1rio n\u00e3o concordar com as presentes condi\u00e7\u00f5es de utiliza\u00e7\u00e3o, dever\u00e1 se abster de usar este site e operar atrav\u00e9s dele.<\/p>\n<p>A qualquer momento podemos modificar a apresenta\u00e7\u00e3o e a configura\u00e7\u00e3o deste site, expandir ou reduzir servi\u00e7os e at\u00e9 mesmo exclu\u00ed-lo da rede, bem como os servi\u00e7os e conte\u00fados fornecidos, todos unilateralmente e sem aviso pr\u00e9vio.<\/p>\n<p><strong>A. PROPRIEDADE INTELECTUAL<\/strong><\/p>\n<p>Todos os conte\u00fados, textos, imagens e c\u00f3digos fonte s\u00e3o propriedade da MAXIM TALLERES MECANICOS, S.L. ou de terceiros para os quais os seus direitos de explora\u00e7\u00e3o foram adquiridos e s\u00e3o protegidos pelos direitos de Propriedade Intelectual e Industrial.<\/p>\n<p>O USU\u00c1RIO s\u00f3 tem direito ao uso privado dos mesmos, sem fins lucrativos, e \u00e9 neces\u00e1ria a autoriza\u00e7\u00e3o expressa da MAXIM TALLERES MECANICOS, S.L. e\/ou do propriet\u00e1rio dos direitos para modific\u00e1-los, reproduzi-los, explor\u00e1-los, distribui-los ou exercer qualquer direito pertencente ao seu propriet\u00e1rio.<\/p>\n<p>O estabelecimento de links para o nosso site n\u00e3o confere quaisquer direitos sobre ele e s\u00e3o autorizados exclusivamente para permitir o acesso ao nosso site, sendo proibido em outras p\u00e1ginas a reprodu\u00e7\u00e3o total ou parcial das imagens e\/ou dos conte\u00fados do nosso site. Da mesma forma, o simples facto de estabelecer um link para o nosso site n\u00e3o d\u00e1 o direito de outorgar-se na categoria de colaborador ou parceiro da MAXIM TALLERES MECANICOS, S.L.<\/p>\n<p>\u00c9 absolutamente proibido a imita\u00e7\u00e3o total ou parcial do nosso site.<\/p>\n<p><strong>B. CONDI\u00c7\u00d5ES DE ACESSO<\/strong><\/p>\n<p>O acesso ao nosso site \u00e9 gratuito e n\u00e3o requer subscri\u00e7\u00e3o ou registro pr\u00e9vio. No entanto, a MAXIM TALLERES MECANICOS, S.L. reserva-se o direito de oferecer servi\u00e7os que exijam o registro pr\u00e9vio do USU\u00c1RIO. Em qualquer caso, esses servi\u00e7os ser\u00e3o devidamente identificados no site, com indica\u00e7\u00f5es f\u00e1ceis para o seu registro.<\/p>\n<p>O USU\u00c1RIO deve acessar o nosso site de boa f\u00e9, de acordo com as normas de ordem p\u00fablica e com estas Condi\u00e7\u00f5es Gerais de utiliza\u00e7\u00e3o. O acesso ao nosso site \u00e9 feito sob a \u00fanica e exclusiva responsabilidade do USU\u00c1RIO, que ser\u00e1 respons\u00e1vel em todos os casos por quaisquer danos que possam ser causados a terceiros ou a n\u00f3s mesmo.<\/p>\n<p>\u00c9 expressamente proibido ao USU\u00c1RIO de usar e obter os servi\u00e7os e conte\u00fados oferecidos neste site, por procedimentos diferentes daqueles estipulados nessas condi\u00e7\u00f5es de utiliza\u00e7\u00e3o e, quando aplic\u00e1vel, nas condi\u00e7\u00f5es particulares que regulam a aquisi\u00e7\u00e3o de determinados servi\u00e7os.<\/p>\n<p>Tendo em conta a impossibilidade de controlo de informa\u00e7\u00f5es, conte\u00fados e servi\u00e7os que contenham outros sites que possam ser acedidos atrav\u00e9s dos links que o nosso site coloca \u00e0 sua disposi\u00e7\u00e3o, informamos que a MAXIM TALLERES MECANICOS, S.L. est\u00e1 isenta de qualquer responsabilidade por danos de qualquer tipo que possam surgir do uso dessas p\u00e1ginas do site que n\u00e3o sejam nossas pelo USU\u00c1RIO. A MAXIM TALLERES MECANICOS, S.L. reserva o direito de praticar a\u00e7\u00f5es legais apropriadas contra os USU\u00c1RIOS que violarem estas condi\u00e7\u00f5es gerais de utiliza\u00e7\u00e3o, aceitando o USU\u00c1RIO que a n\u00e3o inicia\u00e7\u00e3o dessas a\u00e7\u00f5es n\u00e3o constitui uma ren\u00fancia formal, permanecendo em vigor at\u00e9 a expira\u00e7\u00e3o do prazo de prescri\u00e7\u00e3o das infra\u00e7\u00f5es.<\/p>\n<p><strong>C. PROTE\u00c7\u00c3O DE DADOS PESSOAIS<\/strong><\/p>\n<p>A confidencialidade, o segredo profissional e a seguran\u00e7a s\u00e3o valores fundamentais da MAXIM TALLERES MECANICOS, S.L., que assume o compromisso de garantir a privacidade do USU\u00c1RIO em todos os momentos, e em todas as intera\u00e7\u00f5es com isso. A MAXIM TALLERES MECANICOS, S.L. tamb\u00e9m assume o compromisso de n\u00e3o coletar informa\u00e7\u00f5es desnecess\u00e1rias sobre o USU\u00c1RIO. Mesmo assim, comprometemo-nos a tratar com extrema confidencialidade as informa\u00e7\u00f5es pessoais que o USU\u00c1RIO possa fornecer atrav\u00e9s do nosso site.<\/p>\n<p>De acordo com a Lei Org\u00e2nica 15\/1999 sobre Prote\u00e7\u00e3o de Dados Pessoais (LOPD) e o Real Decreto 1720\/2007 sobre o desenvolvimento da LOPD, informamos que o uso de determinados servi\u00e7os no nosso site requer que nos forne\u00e7a determinada informa\u00e7\u00e3o pessoal atrav\u00e9s de formul\u00e1rios de inscri\u00e7\u00e3o ou enviando mensagens de e-mail, que ser\u00e1 processada e incorporada nos ficheiros da MAXIM TALLERES MECANICOS, S.L., propriet\u00e1ria e respons\u00e1vel por eles. A referida entrega dos dados pessoais constitui o consentimento expresso para o tratamento dos mesmos, embora com car\u00e1cter revoc\u00e1vel e sem efeitos retroativos.<\/p>\n<p>De acordo com a Lei Org\u00e2nica 15\/1999 sobre Prote\u00e7\u00e3o de Dados Pessoais (LOPD) e o Real Decreto 1720\/2007 sobre o desenvolvimento da LOPD, informamos que o uso de determinados servi\u00e7os no nosso site requer que nos forne\u00e7a determinada informa\u00e7\u00e3o pessoal atrav\u00e9s de formul\u00e1rios de inscri\u00e7\u00e3o ou enviando mensagens de e-mail, que ser\u00e1 processada e incorporada nos ficheiros da MAXIM TALLERES MECANICOS, S.L., propriet\u00e1ria e respons\u00e1vel por eles. A referida entrega dos dados pessoais constitui o consentimento expresso para o tratamento dos mesmos, embora com car\u00e1cter revoc\u00e1vel e sem efeitos retroativos.<\/p>\n<p><strong>USO DOS SEUS DADOS PESSOAIS<\/strong><\/p>\n<p>As informa\u00e7\u00f5es que solicitamos s\u00e3o apropriadas, relevantes e estritamente necess\u00e1rias para o prop\u00f3sito para o qual s\u00e3o coletadas e, em nenhum caso \u00e9 obrigado a fornec\u00ea-las a n\u00f3s. Tamb\u00e9m certifica que todas as informa\u00e7\u00f5es que fornece s\u00e3o verdadeiras, precisas e relevantes para o prop\u00f3sito para o qual as solicitamos. O nosso site coleta os seus dados pessoais recebendo v\u00e1rios formul\u00e1rios e por e-mail, onde voc\u00ea pode solicitar qualquer tipo de informa\u00e7\u00e3o, esclarecimento ou d\u00favida, e inclusive enviar-nos o seu curriculum vitae. O envio deles implica a sua autoriza\u00e7\u00e3o para incorpor\u00e1-los nos nossos ficheiros correspondentes, se a MAXIM TALLERES MECANICOS, S.L. considerar conveniente, e estes ser\u00e3o regulados pelas atuais pol\u00edticas de privacidade.\u00a0 Os seus dados ser\u00e3o incorporados nos nossos ficheiros de processamento de dados.<\/p>\n<p>A MAXIM TALLERES MECANICOS, S.L. reserva-se o direito de decidir se deve ou n\u00e3o incluir os seus dados pessoais nos seus ficheiros.<\/p>\n<p><strong>DIREITOS DE ACESSO, RETIFICA\u00c7\u00c3O, CANCELAMENTO DOS SEUS DADOS PESSOAIS<\/strong><\/p>\n<p>Em qualquer momento, poder\u00e1 se opor \u00e0s nossas remessas comerciais, bem como exercer os seus direitos de acesso, retifica\u00e7\u00e3o e cancelamento nos termos estabelecidos pela lei, podendo dirigir-se a: MAXIM TALLERES MECANICOS, S.L. \u2013 Ctra. Santa Coloma, 19-29 08913 Badalona Barcelona &#8211; ESPANHA.<\/p>\n<p><strong>COMUNICA\u00c7\u00d5ES DE DADOS<\/strong><\/p>\n<p>A MAXIM TALLERES MECANICOS, S.L. informa que os seus dados s\u00e3o tratados com a m\u00e1xima confidencialidade e que s\u00e3o usados exclusivamente internamente e para os fins indicados. De modo que n\u00e3o damos ou comunicamos os seus dados a terceiros, exceto que o USU\u00c1RIO nos autorize expressamente, nos casos previstos legalmente.<\/p>\n<p><strong>SEGURAN\u00c7A DOS SEUS DADOS PESSOAIS<\/strong><\/p>\n<p>Com o objetivo de salvaguardar a seguran\u00e7a dos seus dados pessoais, informamos que a MAXIM TALLERES MECANICOS, S.L. adotou todas as medidas t\u00e9cnicas e organizacionais necess\u00e1rias para garantir a seguran\u00e7a dos dados pessoais fornecidos da sua altera\u00e7\u00e3o, perda e tratamento ou acesso n\u00e3o autorizado, como conforme exigido pelo Real Decreto 1720\/2007 regula a regulamenta\u00e7\u00e3o de medidas de seguran\u00e7a para ficheiros contendo dados pessoais.<\/p>\n<p><strong>ATUALIZA\u00c7\u00c3O DOS SEUS DADOS<\/strong><\/p>\n<p>\u00c9 importante que, para poder manter os seus dados pessoais atualizados, nos informe sempre que houver alguma altera\u00e7\u00e3o, caso contr\u00e1rio, n\u00e3o responderemos pela veracidade deles.<\/p>\n<p>Consideramos que, se n\u00e3o cancelar expressamente os seus dados pessoais dos nossos ficheiros, continuar\u00e1 interessado em ser incorporado aos mesmos at\u00e9 que a MAXIM TALLERES MECANICOS, S.L. considere apropriado e desde que seja apropriado para o prop\u00f3sito para o qual foram obtidos. A MAXIM TALLERES MECANICOS, S.L. n\u00e3o \u00e9 respons\u00e1vel pela pol\u00edtica de privacidade relativa a dados pessoais que possa fornecer a terceiros atrav\u00e9s dos links dispon\u00edveis no nosso site.<\/p>\n<p>A MAXIM TALLERES MECANICOS, S.L. pode modificar essas pol\u00edticas de privacidade para adapt\u00e1-las \u00e0s mudan\u00e7as que ocorram no nosso site, bem como altera\u00e7\u00f5es legislativas ou jurisprudenciais nos dados pessoais que v\u00e3o aparecendo, por isso requer leitura, cada vez que nos forne\u00e7a os seus dados atrav\u00e9s deste site.<\/p>\n<p><strong>D. RESPONSABILIDADES<\/strong><\/p>\n<p>Ao disponibilizar este site ao USU\u00c1RIO, queremos oferecer-lhe toda uma s\u00e9rie de conte\u00fados e servi\u00e7os de qualidade, utilizando a m\u00e1xima dilig\u00eancia na sua disponibiliza\u00e7\u00e3o e nos meios tecnol\u00f3gicos utilizados. No entanto, n\u00e3o responderemos \u00e0 presen\u00e7a de v\u00edrus e outros elementos que possam danificar o sistema do computador do USU\u00c1RIO de qualquer forma.<\/p>\n<p>O USU\u00c1RIO est\u00e1 proibido de qualquer a\u00e7\u00e3o sobre o nosso site, que resulte em excessiva sobrecarga operacional aos nossos sistemas inform\u00e1ticos, bem como a introdu\u00e7\u00e3o de v\u00edrus, a instala\u00e7\u00e3o de rob\u00f4s, ou software que altere o funcionamento normal do nosso site, ou, finalmente, para causar danos aos nossos sistemas inform\u00e1ticos.<\/p>\n<p>O USU\u00c1RIO assume toda a responsabilidade derivada do uso do nosso site, sendo o \u00fanico respons\u00e1vel por qualquer efeito direto ou indireto derivado sobre o site, incluindo, mas n\u00e3o limitado a qualquer resultado econ\u00f3mico, t\u00e9cnico e\/ou legal adverso, bem como o desapontamento das expectativas geradas pelo nosso site, obrigando o USU\u00c1RIO a isentar a MAXIM TALLERES MECANICOS, S.L. por quaisquer reivindica\u00e7\u00f5es derivadas, direta ou indiretamente, de tais fatos.<\/p>\n<p>A MAXIM TALLERES MECANICOS, S.L. \u00e9 exonerada de responsabilidade por quaisquer reclama\u00e7\u00f5es relativas aos direitos de propriedade intelectual de artigos e imagens publicadas no seu site e n\u00e3o garante a exatid\u00e3o, veracidade e validade dos conte\u00fados deste site, sejam pr\u00f3prios, de terceiros, ou vincul\u00e1veis \u200b\u200ba outros sites, estando totalmente isentos de qualquer responsabilidade derivada do seu uso.<\/p>\n<p>A MAXIM TALLERES MECANICOS, S.L. \u00e9 exonerada de qualquer responsabilidade por qualquer reclama\u00e7\u00e3o, incluindo o pagamento de honor\u00e1rios a advogados, para demandas e reclama\u00e7\u00f5es originadas por terceiros pela viola\u00e7\u00e3o por parte do USU\u00c1RIO das nossas condi\u00e7\u00f5es de utiliza\u00e7\u00e3o, acesso e pol\u00edtica de privacidade, ou qualquer outra reclama\u00e7\u00e3o pela n\u00e3o conformidade com a legisla\u00e7\u00e3o vigente.<\/p>\n<p>O USU\u00c1RIO reconhece que entendeu toda a informa\u00e7\u00e3o sobre as condi\u00e7\u00f5es de utiliza\u00e7\u00e3o do nosso site, e reconhece que s\u00e3o suficientes para excluir qualquer erro em si, e, portanto, aceita-las totalmente e expressamente.<\/p>\n<p>O USU\u00c1RIO est\u00e1 plenamente ciente de que a simples navega\u00e7\u00e3o neste site, bem como o uso de seus servi\u00e7os, implica a aceita\u00e7\u00e3o destas condi\u00e7\u00f5es de utiliza\u00e7\u00e3o.<\/p>\n<p>Tudo relacionado ao nosso site rege-se exclusivamente pelas leis espanholas. Em caso de qualquer discrep\u00e2ncia ou diferen\u00e7a entre as partes quanto \u00e0 interpreta\u00e7\u00e3o e conte\u00fado deste site, todas as partes se submetem, com ren\u00fancia expressa a qualquer outro foro, aos Tribunais de Barcelona.<\/p>\n<p><strong>E. GOOGLE ANALYTICS<\/strong><\/p>\n<p>Este site utiliza o Google Analytics, um servi\u00e7o anal\u00edtico de sites fornecido pela Google, Inc., cuja sede principal \u00e9 em 1600 Amphitheatre Parkway, Mountain View (Calif\u00f3rnia), CA 94043, EUA (\u201cGoogle\u201d).<\/p>\n<p>O Google Analytics usa \u201ccookies\u201d, que s\u00e3o arquivos de texto localizados no seu computador, para ajudar o site a analisar o uso feito pelos usu\u00e1rios do site.<\/p>\n<p>A informa\u00e7\u00e3o que gera a cookie sobre a utiliza\u00e7\u00e3o do site (incluindo o endere\u00e7o IP) ser\u00e1 diretamente transmitida e arquivada pela Google nos servidores nos Estados Unidos.<\/p>\n<p>A Google ir\u00e1 usar esta informa\u00e7\u00e3o em nosso nome, a fim de controlar o seu uso do site, compilando relat\u00f3rios sobre a atividade do site e fornecendo outros servi\u00e7os relativos a atividade do site e utiliza\u00e7\u00e3o da Internet.<\/p>\n<p>A Google pode transmitir estas informa\u00e7\u00f5es a terceiros quando exigido pela lei ou quando esses terceiros processem informa\u00e7\u00f5es em nome do Google.<\/p>\n<p>A Google n\u00e3o associar\u00e1 o seu endere\u00e7o IP a nenhum outro dado mantido pela Google.<\/p>\n<p>Este site pode usar \u201ctracking tags\u201d em determinadas p\u00e1ginas para medir e otimizar campanhas de marketing de resultados, n\u00e3o armazenando informa\u00e7\u00f5es pessoais do usu\u00e1rio em nenhum caso.<\/p>\n<p>O utilizador pode recusar o processamento dos dados ou a informa\u00e7\u00e3o rejeitando a utiliza\u00e7\u00e3o das cookies atrav\u00e9s da sele\u00e7\u00e3o da configura\u00e7\u00e3o apropriada do seu navegador, por\u00e9m, deve saber que se n\u00e3o aceitar pode n\u00e3o conseguir utilizar plenamente as funcionalidades deste site. Ao utilizar este site, o USU\u00c1RIO consente o processamento destas informa\u00e7\u00f5es pela Google na forma e para os fins indicados acima.<\/p>\n<\/div><\/div><\/div><\/div><\/div>\n","protected":false},"excerpt":{"rendered":"","protected":false},"author":1,"featured_media":0,"parent":0,"menu_order":0,"comment_status":"closed","ping_status":"closed","template":"100-width.php","meta":{"footnotes":""},"class_list":["post-11360","page","type-page","status-publish","hentry"],"yoast_head":"<!-- This site is optimized with the Yoast SEO plugin v27.3 - https:\/\/yoast.com\/product\/yoast-seo-wordpress\/ -->\n<title>Aviso legal da MTT Maxim - Maquinaria e consum\u00edveis para bet\u00e3o pr\u00e9-fabricado<\/title>\n<meta name=\"description\" content=\"Informa\u00e7\u00f5es da LSSICE no nosso site. A MTT Maxim \u00e9 fabricante de maquinaria para bet\u00e3o pr\u00e9-fabricado e distribuidor de produtos consum\u00edveis.\" \/>\n<meta name=\"robots\" content=\"index, follow, max-snippet:-1, max-image-preview:large, max-video-preview:-1\" \/>\n<link rel=\"canonical\" href=\"https:\/\/mtt-maxim.com\/pt-pt\/aviso-legal\/\" \/>\n<meta property=\"og:locale\" content=\"pt_PT\" \/>\n<meta property=\"og:type\" content=\"article\" \/>\n<meta property=\"og:title\" content=\"Aviso legal da MTT Maxim - Maquinaria e consum\u00edveis para bet\u00e3o pr\u00e9-fabricado\" \/>\n<meta property=\"og:description\" content=\"Informa\u00e7\u00f5es da LSSICE no nosso site. A MTT Maxim \u00e9 fabricante de maquinaria para bet\u00e3o pr\u00e9-fabricado e distribuidor de produtos consum\u00edveis.\" \/>\n<meta property=\"og:url\" content=\"https:\/\/mtt-maxim.com\/pt-pt\/aviso-legal\/\" \/>\n<meta property=\"og:site_name\" content=\"Maquinaria y consumibles para el prefabricado de hormig\u00f3n MTT Maxim\" \/>\n<meta property=\"article:modified_time\" content=\"2023-11-14T11:28:38+00:00\" \/>\n<meta name=\"twitter:card\" content=\"summary_large_image\" \/>\n<meta name=\"twitter:label1\" content=\"Tempo estimado de leitura\" \/>\n\t<meta name=\"twitter:data1\" content=\"11 minutos\" \/>\n<script type=\"application\/ld+json\" class=\"yoast-schema-graph\">{\"@context\":\"https:\\\/\\\/schema.org\",\"@graph\":[{\"@type\":\"WebPage\",\"@id\":\"https:\\\/\\\/mtt-maxim.com\\\/pt-pt\\\/aviso-legal\\\/\",\"url\":\"https:\\\/\\\/mtt-maxim.com\\\/pt-pt\\\/aviso-legal\\\/\",\"name\":\"Aviso legal da MTT Maxim - Maquinaria e consum\u00edveis para bet\u00e3o pr\u00e9-fabricado\",\"isPartOf\":{\"@id\":\"https:\\\/\\\/mtt-maxim.com\\\/pt-pt\\\/#website\"},\"datePublished\":\"2023-09-19T14:13:40+00:00\",\"dateModified\":\"2023-11-14T11:28:38+00:00\",\"description\":\"Informa\u00e7\u00f5es da LSSICE no nosso site. A MTT Maxim \u00e9 fabricante de maquinaria para bet\u00e3o pr\u00e9-fabricado e distribuidor de produtos consum\u00edveis.\",\"breadcrumb\":{\"@id\":\"https:\\\/\\\/mtt-maxim.com\\\/pt-pt\\\/aviso-legal\\\/#breadcrumb\"},\"inLanguage\":\"pt-PT\",\"potentialAction\":[{\"@type\":\"ReadAction\",\"target\":[\"https:\\\/\\\/mtt-maxim.com\\\/pt-pt\\\/aviso-legal\\\/\"]}]},{\"@type\":\"BreadcrumbList\",\"@id\":\"https:\\\/\\\/mtt-maxim.com\\\/pt-pt\\\/aviso-legal\\\/#breadcrumb\",\"itemListElement\":[{\"@type\":\"ListItem\",\"position\":1,\"name\":\"Inicio\",\"item\":\"https:\\\/\\\/mtt-maxim.com\\\/pt-pt\\\/\"},{\"@type\":\"ListItem\",\"position\":2,\"name\":\"Aviso legal\"}]},{\"@type\":\"WebSite\",\"@id\":\"https:\\\/\\\/mtt-maxim.com\\\/pt-pt\\\/#website\",\"url\":\"https:\\\/\\\/mtt-maxim.com\\\/pt-pt\\\/\",\"name\":\"Maquinaria y consumibles para el prefabricado de hormig\u00f3n MTT Maxim\",\"description\":\"\",\"potentialAction\":[{\"@type\":\"SearchAction\",\"target\":{\"@type\":\"EntryPoint\",\"urlTemplate\":\"https:\\\/\\\/mtt-maxim.com\\\/pt-pt\\\/?s={search_term_string}\"},\"query-input\":{\"@type\":\"PropertyValueSpecification\",\"valueRequired\":true,\"valueName\":\"search_term_string\"}}],\"inLanguage\":\"pt-PT\"}]}<\/script>\n<!-- \/ Yoast SEO plugin. -->","yoast_head_json":{"title":"Aviso legal da MTT Maxim - Maquinaria e consum\u00edveis para bet\u00e3o pr\u00e9-fabricado","description":"Informa\u00e7\u00f5es da LSSICE no nosso site. A MTT Maxim \u00e9 fabricante de maquinaria para bet\u00e3o pr\u00e9-fabricado e distribuidor de produtos consum\u00edveis.","robots":{"index":"index","follow":"follow","max-snippet":"max-snippet:-1","max-image-preview":"max-image-preview:large","max-video-preview":"max-video-preview:-1"},"canonical":"https:\/\/mtt-maxim.com\/pt-pt\/aviso-legal\/","og_locale":"pt_PT","og_type":"article","og_title":"Aviso legal da MTT Maxim - Maquinaria e consum\u00edveis para bet\u00e3o pr\u00e9-fabricado","og_description":"Informa\u00e7\u00f5es da LSSICE no nosso site. A MTT Maxim \u00e9 fabricante de maquinaria para bet\u00e3o pr\u00e9-fabricado e distribuidor de produtos consum\u00edveis.","og_url":"https:\/\/mtt-maxim.com\/pt-pt\/aviso-legal\/","og_site_name":"Maquinaria y consumibles para el prefabricado de hormig\u00f3n MTT Maxim","article_modified_time":"2023-11-14T11:28:38+00:00","twitter_card":"summary_large_image","twitter_misc":{"Tempo estimado de leitura":"11 minutos"},"schema":{"@context":"https:\/\/schema.org","@graph":[{"@type":"WebPage","@id":"https:\/\/mtt-maxim.com\/pt-pt\/aviso-legal\/","url":"https:\/\/mtt-maxim.com\/pt-pt\/aviso-legal\/","name":"Aviso legal da MTT Maxim - Maquinaria e consum\u00edveis para bet\u00e3o pr\u00e9-fabricado","isPartOf":{"@id":"https:\/\/mtt-maxim.com\/pt-pt\/#website"},"datePublished":"2023-09-19T14:13:40+00:00","dateModified":"2023-11-14T11:28:38+00:00","description":"Informa\u00e7\u00f5es da LSSICE no nosso site. A MTT Maxim \u00e9 fabricante de maquinaria para bet\u00e3o pr\u00e9-fabricado e distribuidor de produtos consum\u00edveis.","breadcrumb":{"@id":"https:\/\/mtt-maxim.com\/pt-pt\/aviso-legal\/#breadcrumb"},"inLanguage":"pt-PT","potentialAction":[{"@type":"ReadAction","target":["https:\/\/mtt-maxim.com\/pt-pt\/aviso-legal\/"]}]},{"@type":"BreadcrumbList","@id":"https:\/\/mtt-maxim.com\/pt-pt\/aviso-legal\/#breadcrumb","itemListElement":[{"@type":"ListItem","position":1,"name":"Inicio","item":"https:\/\/mtt-maxim.com\/pt-pt\/"},{"@type":"ListItem","position":2,"name":"Aviso legal"}]},{"@type":"WebSite","@id":"https:\/\/mtt-maxim.com\/pt-pt\/#website","url":"https:\/\/mtt-maxim.com\/pt-pt\/","name":"Maquinaria y consumibles para el prefabricado de hormig\u00f3n MTT Maxim","description":"","potentialAction":[{"@type":"SearchAction","target":{"@type":"EntryPoint","urlTemplate":"https:\/\/mtt-maxim.com\/pt-pt\/?s={search_term_string}"},"query-input":{"@type":"PropertyValueSpecification","valueRequired":true,"valueName":"search_term_string"}}],"inLanguage":"pt-PT"}]}},"_links":{"self":[{"href":"https:\/\/mtt-maxim.com\/pt-pt\/wp-json\/wp\/v2\/pages\/11360","targetHints":{"allow":["GET"]}}],"collection":[{"href":"https:\/\/mtt-maxim.com\/pt-pt\/wp-json\/wp\/v2\/pages"}],"about":[{"href":"https:\/\/mtt-maxim.com\/pt-pt\/wp-json\/wp\/v2\/types\/page"}],"author":[{"embeddable":true,"href":"https:\/\/mtt-maxim.com\/pt-pt\/wp-json\/wp\/v2\/users\/1"}],"replies":[{"embeddable":true,"href":"https:\/\/mtt-maxim.com\/pt-pt\/wp-json\/wp\/v2\/comments?post=11360"}],"version-history":[{"count":0,"href":"https:\/\/mtt-maxim.com\/pt-pt\/wp-json\/wp\/v2\/pages\/11360\/revisions"}],"wp:attachment":[{"href":"https:\/\/mtt-maxim.com\/pt-pt\/wp-json\/wp\/v2\/media?parent=11360"}],"curies":[{"name":"wp","href":"https:\/\/api.w.org\/{rel}","templated":true}]}}