{"id":11153,"date":"2023-09-04T08:07:29","date_gmt":"2023-09-04T08:07:29","guid":{"rendered":"https:\/\/mtt-maxim.pruebasweb.com.es\/?page_id=11153"},"modified":"2023-11-17T12:06:30","modified_gmt":"2023-11-17T12:06:30","slug":"mtt-maxim","status":"publish","type":"page","link":"https:\/\/mtt-maxim.com\/pt-pt\/mtt-maxim\/","title":{"rendered":"Quem somos"},"content":{"rendered":"<p><div class=\"fusion-fullwidth fullwidth-box fusion-builder-row-1 fusion-flex-container has-pattern-background has-mask-background nonhundred-percent-fullwidth non-hundred-percent-height-scrolling\" style=\"--awb-border-radius-top-left:0px;--awb-border-radius-top-right:0px;--awb-border-radius-bottom-right:0px;--awb-border-radius-bottom-left:0px;--awb-flex-wrap:wrap;\" ><div class=\"fusion-builder-row fusion-row fusion-flex-align-items-flex-start fusion-flex-content-wrap\" style=\"max-width:1300px;margin-left: calc(-4% \/ 2 );margin-right: calc(-4% \/ 2 );\"><div class=\"fusion-layout-column fusion_builder_column fusion-builder-column-0 fusion_builder_column_1_2 1_2 fusion-flex-column\" style=\"--awb-bg-size:cover;--awb-width-large:50%;--awb-margin-top-large:0px;--awb-spacing-right-large:3.84%;--awb-margin-bottom-large:20px;--awb-spacing-left-large:3.84%;--awb-width-medium:50%;--awb-order-medium:0;--awb-spacing-right-medium:3.84%;--awb-spacing-left-medium:3.84%;--awb-width-small:100%;--awb-order-small:1;--awb-spacing-right-small:1.92%;--awb-spacing-left-small:1.92%;\"><div class=\"fusion-column-wrapper fusion-column-has-shadow fusion-flex-justify-content-flex-start fusion-content-layout-column\"><div class=\"fusion-title title fusion-title-1 fusion-sep-none fusion-title-text fusion-title-size-two\" style=\"--awb-margin-bottom:5px;--awb-margin-top-small:10px;--awb-margin-right-small:0px;--awb-margin-bottom-small:10px;--awb-margin-left-small:0px;--awb-sep-color:var(--awb-color5);--awb-font-size:23px;\"><h2 class=\"fusion-title-heading title-heading-left\" style=\"font-family:&quot;Overpass&quot;;font-style:normal;font-weight:600;margin:0;text-transform:uppercase;font-size:1em;line-height:1.3em;\">Que fazemos<\/h2><\/div><div class=\"fusion-separator\" style=\"align-self: flex-start;margin-right:auto;margin-top:0px;margin-bottom:30px;width:100%;max-width:50%;\"><div class=\"fusion-separator-border sep-single sep-solid\" style=\"--awb-height:20px;--awb-amount:20px;--awb-sep-color:var(--awb-color5);border-color:var(--awb-color5);border-top-width:1px;\"><\/div><\/div><div class=\"fusion-text fusion-text-1\" style=\"--awb-content-alignment:justify;\"><p>Na <strong>MTT MAXIM<\/strong> dedicamo-nos ao fabrico de maquinaria e moldes para a ind\u00fastria de bet\u00e3o pr\u00e9-fabricado e para empresas de constru\u00e7\u00e3o. Tamb\u00e9m comercializamos as marcas mais prestigiadas da Europa em consum\u00edveis, portanto, podemos oferecer-lhe um servi\u00e7o integral no desenvolvimento da sua atividade.<\/p>\n<p>Sete d\u00e9cadas de experi\u00eancia nesta atividade permitem-nos apresentar-nos como o especialista que poder\u00e1 orient\u00e1-lo e assessor\u00e1-lo em qualquer necessidade que encontrar.<\/p>\n<p>Na <strong>MTT MAXIM<\/strong> contamos sempre com um amplo estoque de materiais e maquinaria, o que nos permite oferecer-lhe sempre \u00f3timos prazos de entrega.<\/p>\n<\/div><\/div><\/div><div class=\"fusion-layout-column fusion_builder_column fusion-builder-column-1 fusion_builder_column_1_2 1_2 fusion-flex-column\" style=\"--awb-bg-size:cover;--awb-width-large:50%;--awb-margin-top-large:0px;--awb-spacing-right-large:3.84%;--awb-margin-bottom-large:20px;--awb-spacing-left-large:3.84%;--awb-width-medium:50%;--awb-order-medium:0;--awb-spacing-right-medium:3.84%;--awb-spacing-left-medium:3.84%;--awb-width-small:100%;--awb-order-small:0;--awb-spacing-right-small:1.92%;--awb-spacing-left-small:1.92%;\"><div class=\"fusion-column-wrapper fusion-column-has-shadow fusion-flex-justify-content-flex-start fusion-content-layout-column\"><div class=\"fusion-image-element \" style=\"text-align:center;--awb-caption-title-font-family:var(--h2_typography-font-family);--awb-caption-title-font-weight:var(--h2_typography-font-weight);--awb-caption-title-font-style:var(--h2_typography-font-style);--awb-caption-title-size:var(--h2_typography-font-size);--awb-caption-title-transform:var(--h2_typography-text-transform);--awb-caption-title-line-height:var(--h2_typography-line-height);--awb-caption-title-letter-spacing:var(--h2_typography-letter-spacing);\"><span class=\" fusion-imageframe imageframe-none imageframe-1 hover-type-none\"><a href=\"https:\/\/mtt-maxim.com\/wp-content\/uploads\/mtt-maxim-maquinaria-empresa.webp\" class=\"fusion-lightbox\" data-rel=\"iLightbox[41fe27f0cb87a9f09bc]\" data-title=\"MTT MAXIM &#8211; Maquinaria y consumibles\" title=\"MTT MAXIM &#8211; Maquinaria y consumibles\"><img decoding=\"async\" width=\"1000\" height=\"661\" src=\"https:\/\/mtt-maxim.com\/wp-content\/uploads\/mtt-maxim-maquinaria-empresa.webp\" data-orig-src=\"https:\/\/mtt-maxim.com\/wp-content\/uploads\/mtt-maxim-maquinaria-empresa.webp\" alt class=\"lazyload img-responsive wp-image-9849\" srcset=\"data:image\/svg+xml,%3Csvg%20xmlns%3D%27http%3A%2F%2Fwww.w3.org%2F2000%2Fsvg%27%20width%3D%271000%27%20height%3D%27661%27%20viewBox%3D%270%200%201000%20661%27%3E%3Crect%20width%3D%271000%27%20height%3D%27661%27%20fill-opacity%3D%220%22%2F%3E%3C%2Fsvg%3E\" data-srcset=\"https:\/\/mtt-maxim.com\/wp-content\/uploads\/mtt-maxim-maquinaria-empresa-200x132.webp 200w, https:\/\/mtt-maxim.com\/wp-content\/uploads\/mtt-maxim-maquinaria-empresa-400x264.webp 400w, https:\/\/mtt-maxim.com\/wp-content\/uploads\/mtt-maxim-maquinaria-empresa-600x397.webp 600w, https:\/\/mtt-maxim.com\/wp-content\/uploads\/mtt-maxim-maquinaria-empresa-800x529.webp 800w, https:\/\/mtt-maxim.com\/wp-content\/uploads\/mtt-maxim-maquinaria-empresa.webp 1000w\" data-sizes=\"auto\" data-orig-sizes=\"(max-width: 640px) 100vw, 600px\" \/><\/a><\/span><\/div><\/div><\/div><\/div><\/div><div class=\"fusion-fullwidth fullwidth-box fusion-builder-row-2 fusion-flex-container has-pattern-background has-mask-background nonhundred-percent-fullwidth non-hundred-percent-height-scrolling\" style=\"--awb-border-radius-top-left:0px;--awb-border-radius-top-right:0px;--awb-border-radius-bottom-right:0px;--awb-border-radius-bottom-left:0px;--awb-padding-top:4%;--awb-padding-bottom:6%;--awb-flex-wrap:wrap;\" ><div class=\"fusion-builder-row fusion-row fusion-flex-align-items-flex-start fusion-flex-content-wrap\" style=\"max-width:1300px;margin-left: calc(-4% \/ 2 );margin-right: calc(-4% \/ 2 );\"><div class=\"fusion-layout-column fusion_builder_column fusion-builder-column-2 fusion_builder_column_1_2 1_2 fusion-flex-column fusion-flex-align-self-center\" style=\"--awb-bg-size:cover;--awb-width-large:50%;--awb-margin-top-large:0px;--awb-spacing-right-large:3.84%;--awb-margin-bottom-large:20px;--awb-spacing-left-large:3.84%;--awb-width-medium:50%;--awb-order-medium:0;--awb-spacing-right-medium:3.84%;--awb-spacing-left-medium:3.84%;--awb-width-small:100%;--awb-order-small:0;--awb-spacing-right-small:1.92%;--awb-spacing-left-small:1.92%;\"><div class=\"fusion-column-wrapper fusion-column-has-shadow fusion-flex-justify-content-flex-start fusion-content-layout-column\"><div class=\"fusion-image-element \" style=\"text-align:center;--awb-caption-title-font-family:var(--h2_typography-font-family);--awb-caption-title-font-weight:var(--h2_typography-font-weight);--awb-caption-title-font-style:var(--h2_typography-font-style);--awb-caption-title-size:var(--h2_typography-font-size);--awb-caption-title-transform:var(--h2_typography-text-transform);--awb-caption-title-line-height:var(--h2_typography-line-height);--awb-caption-title-letter-spacing:var(--h2_typography-letter-spacing);\"><span class=\" fusion-imageframe imageframe-none imageframe-2 hover-type-none\"><a href=\"https:\/\/mtt-maxim.com\/wp-content\/uploads\/quienes-somos-mtt-maxim.webp\" class=\"fusion-lightbox\" data-rel=\"iLightbox[dfbac27b804e70da773]\" data-title=\"MTT MAXIM &#8211; Maquinaria y consumibles\" title=\"MTT MAXIM &#8211; Maquinaria y consumibles\"><img decoding=\"async\" width=\"900\" height=\"615\" src=\"https:\/\/mtt-maxim.com\/wp-content\/uploads\/quienes-somos-mtt-maxim.webp\" data-orig-src=\"https:\/\/mtt-maxim.com\/wp-content\/uploads\/quienes-somos-mtt-maxim.webp\" alt class=\"lazyload img-responsive wp-image-9852\" srcset=\"data:image\/svg+xml,%3Csvg%20xmlns%3D%27http%3A%2F%2Fwww.w3.org%2F2000%2Fsvg%27%20width%3D%27900%27%20height%3D%27615%27%20viewBox%3D%270%200%20900%20615%27%3E%3Crect%20width%3D%27900%27%20height%3D%27615%27%20fill-opacity%3D%220%22%2F%3E%3C%2Fsvg%3E\" data-srcset=\"https:\/\/mtt-maxim.com\/wp-content\/uploads\/quienes-somos-mtt-maxim-200x137.webp 200w, https:\/\/mtt-maxim.com\/wp-content\/uploads\/quienes-somos-mtt-maxim-400x273.webp 400w, https:\/\/mtt-maxim.com\/wp-content\/uploads\/quienes-somos-mtt-maxim-600x410.webp 600w, https:\/\/mtt-maxim.com\/wp-content\/uploads\/quienes-somos-mtt-maxim-800x547.webp 800w, https:\/\/mtt-maxim.com\/wp-content\/uploads\/quienes-somos-mtt-maxim.webp 900w\" data-sizes=\"auto\" data-orig-sizes=\"(max-width: 640px) 100vw, 600px\" \/><\/a><\/span><\/div><\/div><\/div><div class=\"fusion-layout-column fusion_builder_column fusion-builder-column-3 fusion_builder_column_1_2 1_2 fusion-flex-column\" style=\"--awb-bg-size:cover;--awb-width-large:50%;--awb-margin-top-large:0px;--awb-spacing-right-large:3.84%;--awb-margin-bottom-large:20px;--awb-spacing-left-large:3.84%;--awb-width-medium:50%;--awb-order-medium:0;--awb-spacing-right-medium:3.84%;--awb-spacing-left-medium:3.84%;--awb-width-small:100%;--awb-order-small:0;--awb-spacing-right-small:1.92%;--awb-spacing-left-small:1.92%;\"><div class=\"fusion-column-wrapper fusion-column-has-shadow fusion-flex-justify-content-flex-start fusion-content-layout-column\"><div class=\"fusion-title title fusion-title-2 fusion-sep-none fusion-title-text fusion-title-size-two\" style=\"--awb-margin-bottom:5px;--awb-margin-top-small:10px;--awb-margin-right-small:0px;--awb-margin-bottom-small:10px;--awb-margin-left-small:0px;--awb-sep-color:var(--awb-color5);--awb-font-size:23px;\"><h2 class=\"fusion-title-heading title-heading-right\" style=\"font-family:&quot;Overpass&quot;;font-style:normal;font-weight:600;margin:0;text-transform:uppercase;font-size:1em;line-height:1.3em;\">Hist\u00f3ria<\/h2><\/div><div class=\"fusion-separator\" style=\"align-self: flex-end;margin-left:auto;margin-top:0px;margin-bottom:30px;width:100%;max-width:50%;\"><div class=\"fusion-separator-border sep-single sep-solid\" style=\"--awb-height:20px;--awb-amount:20px;--awb-sep-color:var(--awb-color5);border-color:var(--awb-color5);border-top-width:1px;\"><\/div><\/div><div class=\"fusion-text fusion-text-2\" style=\"--awb-content-alignment:justify;\"><p>A atividade da <strong>MTT MAXIM<\/strong> data de 1948, quando Maximiliano Garc\u00eda Carrera fundou uma empresa especializada em instala\u00e7\u00f5es de pr\u00e9-tens\u00e3o para esticar os cabos de a\u00e7o.<\/p>\n<p>Em poucos anos, aproximadamente em 1960, a empresa come\u00e7ou a ser conhecida como fabricante de m\u00e1quinas blocos poedeira para produzir blocos, tijoleiras, caixot\u00f5es, bermas, etc. Primeiro m\u00e1quinas manuais e, posteriormente, m\u00e1quina hidr\u00e1ulicas autom\u00e1ticas, que contribu\u00edram de forma importante para o desenvolvimento da constru\u00e7\u00e3o em Espanha e Portugal.<\/p>\n<p>Em 1997, pouco depois da entrada da segunda gera\u00e7\u00e3o na dire\u00e7\u00e3o da empresa, a <strong>MTT MAXIM<\/strong> complementou a sua atividade como fabricante com a distribui\u00e7\u00e3o de Gerhard Messerschmitt, uma marca muito reconhecida no ramo do bet\u00e3o pr\u00e9-fabricado. Isto nos permitiu, desde ent\u00e3o, ampliar o nosso servi\u00e7o com a comercializa\u00e7\u00e3o de consum\u00edveis para o setor.<\/p>\n<\/div><\/div><\/div><\/div><\/div><\/p>\n","protected":false},"excerpt":{"rendered":"","protected":false},"author":1,"featured_media":11724,"parent":0,"menu_order":0,"comment_status":"closed","ping_status":"closed","template":"100-width.php","meta":{"footnotes":""},"class_list":["post-11153","page","type-page","status-publish","has-post-thumbnail","hentry"],"yoast_head":"<!-- This site is optimized with the Yoast SEO plugin v27.3 - https:\/\/yoast.com\/product\/yoast-seo-wordpress\/ -->\n<title>MTT MAXIM - Maquinaria e consum\u00edveis para bet\u00e3o pr\u00e9-fabricado<\/title>\n<meta name=\"description\" content=\"Somos fabricantes de m\u00e1quinas blocos poedeiras, e distribuidores de todos os produtos necess\u00e1rios para construir os seus elementos de bet\u00e3o pr\u00e9-fabricado.\" \/>\n<meta name=\"robots\" content=\"index, follow, max-snippet:-1, max-image-preview:large, max-video-preview:-1\" \/>\n<link rel=\"canonical\" href=\"https:\/\/mtt-maxim.com\/pt-pt\/mtt-maxim\/\" \/>\n<meta property=\"og:locale\" content=\"pt_PT\" \/>\n<meta property=\"og:type\" content=\"article\" \/>\n<meta property=\"og:title\" content=\"MTT MAXIM - Maquinaria e consum\u00edveis para bet\u00e3o pr\u00e9-fabricado\" \/>\n<meta property=\"og:description\" content=\"Somos fabricantes de m\u00e1quinas blocos poedeiras, e distribuidores de todos os produtos necess\u00e1rios para construir os seus elementos de bet\u00e3o pr\u00e9-fabricado.\" \/>\n<meta property=\"og:url\" content=\"https:\/\/mtt-maxim.com\/pt-pt\/mtt-maxim\/\" \/>\n<meta property=\"og:site_name\" content=\"Maquinaria y consumibles para el prefabricado de hormig\u00f3n MTT Maxim\" \/>\n<meta property=\"article:modified_time\" content=\"2023-11-17T12:06:30+00:00\" \/>\n<meta property=\"og:image\" content=\"https:\/\/mtt-maxim.com\/wp-content\/uploads\/c-quienes-somos-2.webp\" \/>\n\t<meta property=\"og:image:width\" content=\"1850\" \/>\n\t<meta property=\"og:image:height\" content=\"426\" \/>\n\t<meta property=\"og:image:type\" content=\"image\/webp\" \/>\n<meta name=\"twitter:card\" content=\"summary_large_image\" \/>\n<meta name=\"twitter:label1\" content=\"Tempo estimado de leitura\" \/>\n\t<meta name=\"twitter:data1\" content=\"5 minutos\" \/>\n<script type=\"application\/ld+json\" class=\"yoast-schema-graph\">{\"@context\":\"https:\\\/\\\/schema.org\",\"@graph\":[{\"@type\":\"WebPage\",\"@id\":\"https:\\\/\\\/mtt-maxim.com\\\/pt-pt\\\/mtt-maxim\\\/\",\"url\":\"https:\\\/\\\/mtt-maxim.com\\\/pt-pt\\\/mtt-maxim\\\/\",\"name\":\"MTT MAXIM - Maquinaria e consum\u00edveis para bet\u00e3o pr\u00e9-fabricado\",\"isPartOf\":{\"@id\":\"https:\\\/\\\/mtt-maxim.com\\\/pt-pt\\\/#website\"},\"primaryImageOfPage\":{\"@id\":\"https:\\\/\\\/mtt-maxim.com\\\/pt-pt\\\/mtt-maxim\\\/#primaryimage\"},\"image\":{\"@id\":\"https:\\\/\\\/mtt-maxim.com\\\/pt-pt\\\/mtt-maxim\\\/#primaryimage\"},\"thumbnailUrl\":\"https:\\\/\\\/mtt-maxim.com\\\/wp-content\\\/uploads\\\/c-quienes-somos-2.webp\",\"datePublished\":\"2023-09-04T08:07:29+00:00\",\"dateModified\":\"2023-11-17T12:06:30+00:00\",\"description\":\"Somos fabricantes de m\u00e1quinas blocos poedeiras, e distribuidores de todos os produtos necess\u00e1rios para construir os seus elementos de bet\u00e3o pr\u00e9-fabricado.\",\"breadcrumb\":{\"@id\":\"https:\\\/\\\/mtt-maxim.com\\\/pt-pt\\\/mtt-maxim\\\/#breadcrumb\"},\"inLanguage\":\"pt-PT\",\"potentialAction\":[{\"@type\":\"ReadAction\",\"target\":[\"https:\\\/\\\/mtt-maxim.com\\\/pt-pt\\\/mtt-maxim\\\/\"]}]},{\"@type\":\"ImageObject\",\"inLanguage\":\"pt-PT\",\"@id\":\"https:\\\/\\\/mtt-maxim.com\\\/pt-pt\\\/mtt-maxim\\\/#primaryimage\",\"url\":\"https:\\\/\\\/mtt-maxim.com\\\/wp-content\\\/uploads\\\/c-quienes-somos-2.webp\",\"contentUrl\":\"https:\\\/\\\/mtt-maxim.com\\\/wp-content\\\/uploads\\\/c-quienes-somos-2.webp\",\"width\":1850,\"height\":426,\"caption\":\"MTT MAXIM - Maquinaria y consumibles para prefabricados de hormig\u00f3n\"},{\"@type\":\"BreadcrumbList\",\"@id\":\"https:\\\/\\\/mtt-maxim.com\\\/pt-pt\\\/mtt-maxim\\\/#breadcrumb\",\"itemListElement\":[{\"@type\":\"ListItem\",\"position\":1,\"name\":\"Inicio\",\"item\":\"https:\\\/\\\/mtt-maxim.com\\\/pt-pt\\\/\"},{\"@type\":\"ListItem\",\"position\":2,\"name\":\"Quem somos\"}]},{\"@type\":\"WebSite\",\"@id\":\"https:\\\/\\\/mtt-maxim.com\\\/pt-pt\\\/#website\",\"url\":\"https:\\\/\\\/mtt-maxim.com\\\/pt-pt\\\/\",\"name\":\"Maquinaria y consumibles para el prefabricado de hormig\u00f3n MTT Maxim\",\"description\":\"\",\"potentialAction\":[{\"@type\":\"SearchAction\",\"target\":{\"@type\":\"EntryPoint\",\"urlTemplate\":\"https:\\\/\\\/mtt-maxim.com\\\/pt-pt\\\/?s={search_term_string}\"},\"query-input\":{\"@type\":\"PropertyValueSpecification\",\"valueRequired\":true,\"valueName\":\"search_term_string\"}}],\"inLanguage\":\"pt-PT\"}]}<\/script>\n<!-- \/ Yoast SEO plugin. -->","yoast_head_json":{"title":"MTT MAXIM - Maquinaria e consum\u00edveis para bet\u00e3o pr\u00e9-fabricado","description":"Somos fabricantes de m\u00e1quinas blocos poedeiras, e distribuidores de todos os produtos necess\u00e1rios para construir os seus elementos de bet\u00e3o pr\u00e9-fabricado.","robots":{"index":"index","follow":"follow","max-snippet":"max-snippet:-1","max-image-preview":"max-image-preview:large","max-video-preview":"max-video-preview:-1"},"canonical":"https:\/\/mtt-maxim.com\/pt-pt\/mtt-maxim\/","og_locale":"pt_PT","og_type":"article","og_title":"MTT MAXIM - Maquinaria e consum\u00edveis para bet\u00e3o pr\u00e9-fabricado","og_description":"Somos fabricantes de m\u00e1quinas blocos poedeiras, e distribuidores de todos os produtos necess\u00e1rios para construir os seus elementos de bet\u00e3o pr\u00e9-fabricado.","og_url":"https:\/\/mtt-maxim.com\/pt-pt\/mtt-maxim\/","og_site_name":"Maquinaria y consumibles para el prefabricado de hormig\u00f3n MTT Maxim","article_modified_time":"2023-11-17T12:06:30+00:00","og_image":[{"width":1850,"height":426,"url":"https:\/\/mtt-maxim.com\/wp-content\/uploads\/c-quienes-somos-2.webp","type":"image\/webp"}],"twitter_card":"summary_large_image","twitter_misc":{"Tempo estimado de leitura":"5 minutos"},"schema":{"@context":"https:\/\/schema.org","@graph":[{"@type":"WebPage","@id":"https:\/\/mtt-maxim.com\/pt-pt\/mtt-maxim\/","url":"https:\/\/mtt-maxim.com\/pt-pt\/mtt-maxim\/","name":"MTT MAXIM - Maquinaria e consum\u00edveis para bet\u00e3o pr\u00e9-fabricado","isPartOf":{"@id":"https:\/\/mtt-maxim.com\/pt-pt\/#website"},"primaryImageOfPage":{"@id":"https:\/\/mtt-maxim.com\/pt-pt\/mtt-maxim\/#primaryimage"},"image":{"@id":"https:\/\/mtt-maxim.com\/pt-pt\/mtt-maxim\/#primaryimage"},"thumbnailUrl":"https:\/\/mtt-maxim.com\/wp-content\/uploads\/c-quienes-somos-2.webp","datePublished":"2023-09-04T08:07:29+00:00","dateModified":"2023-11-17T12:06:30+00:00","description":"Somos fabricantes de m\u00e1quinas blocos poedeiras, e distribuidores de todos os produtos necess\u00e1rios para construir os seus elementos de bet\u00e3o pr\u00e9-fabricado.","breadcrumb":{"@id":"https:\/\/mtt-maxim.com\/pt-pt\/mtt-maxim\/#breadcrumb"},"inLanguage":"pt-PT","potentialAction":[{"@type":"ReadAction","target":["https:\/\/mtt-maxim.com\/pt-pt\/mtt-maxim\/"]}]},{"@type":"ImageObject","inLanguage":"pt-PT","@id":"https:\/\/mtt-maxim.com\/pt-pt\/mtt-maxim\/#primaryimage","url":"https:\/\/mtt-maxim.com\/wp-content\/uploads\/c-quienes-somos-2.webp","contentUrl":"https:\/\/mtt-maxim.com\/wp-content\/uploads\/c-quienes-somos-2.webp","width":1850,"height":426,"caption":"MTT MAXIM - Maquinaria y consumibles para prefabricados de hormig\u00f3n"},{"@type":"BreadcrumbList","@id":"https:\/\/mtt-maxim.com\/pt-pt\/mtt-maxim\/#breadcrumb","itemListElement":[{"@type":"ListItem","position":1,"name":"Inicio","item":"https:\/\/mtt-maxim.com\/pt-pt\/"},{"@type":"ListItem","position":2,"name":"Quem somos"}]},{"@type":"WebSite","@id":"https:\/\/mtt-maxim.com\/pt-pt\/#website","url":"https:\/\/mtt-maxim.com\/pt-pt\/","name":"Maquinaria y consumibles para el prefabricado de hormig\u00f3n MTT Maxim","description":"","potentialAction":[{"@type":"SearchAction","target":{"@type":"EntryPoint","urlTemplate":"https:\/\/mtt-maxim.com\/pt-pt\/?s={search_term_string}"},"query-input":{"@type":"PropertyValueSpecification","valueRequired":true,"valueName":"search_term_string"}}],"inLanguage":"pt-PT"}]}},"_links":{"self":[{"href":"https:\/\/mtt-maxim.com\/pt-pt\/wp-json\/wp\/v2\/pages\/11153","targetHints":{"allow":["GET"]}}],"collection":[{"href":"https:\/\/mtt-maxim.com\/pt-pt\/wp-json\/wp\/v2\/pages"}],"about":[{"href":"https:\/\/mtt-maxim.com\/pt-pt\/wp-json\/wp\/v2\/types\/page"}],"author":[{"embeddable":true,"href":"https:\/\/mtt-maxim.com\/pt-pt\/wp-json\/wp\/v2\/users\/1"}],"replies":[{"embeddable":true,"href":"https:\/\/mtt-maxim.com\/pt-pt\/wp-json\/wp\/v2\/comments?post=11153"}],"version-history":[{"count":0,"href":"https:\/\/mtt-maxim.com\/pt-pt\/wp-json\/wp\/v2\/pages\/11153\/revisions"}],"wp:featuredmedia":[{"embeddable":true,"href":"https:\/\/mtt-maxim.com\/pt-pt\/wp-json\/wp\/v2\/media\/11724"}],"wp:attachment":[{"href":"https:\/\/mtt-maxim.com\/pt-pt\/wp-json\/wp\/v2\/media?parent=11153"}],"curies":[{"name":"wp","href":"https:\/\/api.w.org\/{rel}","templated":true}]}}