{"id":11390,"date":"2023-09-19T14:25:42","date_gmt":"2023-09-19T12:25:42","guid":{"rendered":"https:\/\/mtt-maxim.pruebasweb.com.es\/?page_id=11390"},"modified":"2026-03-09T10:28:57","modified_gmt":"2026-03-09T09:28:57","slug":"politique-confidentialite-donnees","status":"publish","type":"page","link":"https:\/\/mtt-maxim.com\/fr\/politique-confidentialite-donnees\/","title":{"rendered":"Politique de confidentialit\u00e9 de donn\u00e9es"},"content":{"rendered":"<div class=\"fusion-fullwidth fullwidth-box fusion-builder-row-1 fusion-flex-container has-pattern-background has-mask-background nonhundred-percent-fullwidth non-hundred-percent-height-scrolling\" style=\"--awb-border-radius-top-left:0px;--awb-border-radius-top-right:0px;--awb-border-radius-bottom-right:0px;--awb-border-radius-bottom-left:0px;--awb-flex-wrap:wrap;\" ><div class=\"fusion-builder-row fusion-row fusion-flex-align-items-flex-start fusion-flex-content-wrap\" style=\"max-width:1300px;margin-left: calc(-4% \/ 2 );margin-right: calc(-4% \/ 2 );\"><div class=\"fusion-layout-column fusion_builder_column fusion-builder-column-0 fusion_builder_column_1_1 1_1 fusion-flex-column\" style=\"--awb-bg-size:cover;--awb-width-large:100%;--awb-margin-top-large:0px;--awb-spacing-right-large:1.92%;--awb-margin-bottom-large:20px;--awb-spacing-left-large:1.92%;--awb-width-medium:100%;--awb-order-medium:0;--awb-spacing-right-medium:1.92%;--awb-spacing-left-medium:1.92%;--awb-width-small:100%;--awb-order-small:0;--awb-spacing-right-small:1.92%;--awb-spacing-left-small:1.92%;\"><div class=\"fusion-column-wrapper fusion-column-has-shadow fusion-flex-justify-content-flex-start fusion-content-layout-column\"><div class=\"fusion-text fusion-text-1\" style=\"--awb-content-alignment:justify;\"><p><strong>MAXIM TALLERES MECANICOS, S.L.<\/strong>, par cette politique de confidentialit\u00e9 de donn\u00e9es, informe les UTILISATEURS du site Internet sur sa politique en ce qui concerne le traitement et la protection des donn\u00e9es \u00e0 caract\u00e8re personnel des utilisateurs et des clients qui peuvent \u00eatre collect\u00e9es par la navigation ou traitance des services par le biais de son site Internet.<\/p>\n<p>En ce sens, <strong>MAXIM TALLERES MECANICOS, S.L. <\/strong>vous informe que vos donn\u00e9es seront trait\u00e9es conform\u00e9ment aux r\u00e9glementations en vigueur en mati\u00e8re de politique de confidentialit\u00e9 de donn\u00e9es, conform\u00e9ment aux dispositions du r\u00e8glement (UE) 2016\/679 du 27 avril 2016 (RGPD).<\/p>\n<p>L&rsquo;utilisation de ce site implique l&rsquo;acceptation de cette politique de confidentialit\u00e9 de donn\u00e9es.<br \/>\n<strong>Responsable du traitement<\/strong><\/p>\n<p><strong>MAXIM TALLERES MECANICOS, S.L. <\/strong>est la propri\u00e9t\u00e9 du site Internet mtt-maxim.com<\/p>\n<p>Si\u00e8ge social : <strong>Ctra. Santa Coloma, 19-29 &#8211; 08913 Badalona (Barcelone)<\/strong><\/p>\n<p>T\u00e9l\u00e9phone : <strong>+34 93 460 06 60<\/strong><\/p>\n<p>Courrier \u00e9lectronique : <a href=\"mailto:protecciondatos@mtt-maxim.com\">protecciondedatos@mtt-maxim.com<\/a><\/p>\n<p><strong>1. Collection des donn\u00e9es<\/strong><\/p>\n<p><strong>MAXIM TALLERES MECANICOS, S.L.\u00a0<\/strong>informe que les donn\u00e9es obtenues \u00e0 travers notre site Internet, ses formulaires et celles re\u00e7ues par courrier \u00e9lectronique sont celles que nous fournit volontairement l\u2019utilisateur, celles qui d\u00e9coulent de relations et de communications avec l\u2019entreprise et des informations l\u00e9gitimement obtenues des donn\u00e9es que nous traitons.<\/p>\n<p>De la m\u00eame mani\u00e8re, nous obtenons aussi des donn\u00e9es \u00e0 travers des informations de tiers que nous fournissent le propre utilisateur ou des tiers apr\u00e8s son consentement, une base l\u00e9gitime existant donc.<\/p>\n<p><strong>2. Finalit\u00e9 de l&rsquo;obtention et de la collecte des donn\u00e9es<\/strong><\/p>\n<p><strong>MAXIM TALLERES MECANICOS, S.L.\u00a0<\/strong>traitera les donn\u00e9es qui lui sont fournies dans l\u2019objectif de vous offrir les produits et\/ou services que vous avez souscrits, de g\u00e9rer vos consultations ou demandes et tout autre cas n\u00e9cessaire pour respecter les relations commerciales que vous entretenez avec nous.<\/p>\n<p>En outre, nous traiterons aussi les donn\u00e9es pour vous transmettre des communications commerciales, toujours avec votre consentement pr\u00e9alable, ainsi que pour analyser des habitudes de navigation.<\/p>\n<p>Si vous souhaitez faire partie de l\u2019\u00e9quipe de <strong>MAXIM TALLERES MECANICOS, S.L. <\/strong>nous traiterons les donn\u00e9es des utilisateurs et la documentation qui nous est fournie afin d\u2019\u00e9valuer le profil du\/de la candidat\/e et de le consid\u00e9rer pour de possibles postes vacants dans l\u2019entreprise.<\/p>\n<p><strong>3. Traitement des donn\u00e9es<\/strong><\/p>\n<p>Conform\u00e9ment \u00e0 la r\u00e9glementation applicable, <strong>MAXIM TALLERES MECANICOS, S.L.\u00a0<\/strong>s\u2019engage \u00e0 traiter les donn\u00e9es auxquelles elle acc\u00e8de en appliquant les mesures techniques, pr\u00e9ventives et organisationnelles appropri\u00e9es. Ainsi nous garantissons le niveau maximal de s\u00e9curit\u00e9 et des niveaux de confidentialit\u00e9, int\u00e9grit\u00e9 et disponibilit\u00e9 optimaux des services et syst\u00e8mes de traitement de donn\u00e9es.<\/p>\n<p><strong>4. Communication d\u2019informations \u00e0 des tiers<\/strong><\/p>\n<p><strong>MAXIM TALLERES MECANICOS, S.L. <\/strong>informe les utilisateurs que leurs donn\u00e9es personnelles ne seront pas transf\u00e9r\u00e9es \u00e0 des organisations tierces, \u00e0 l&rsquo;exception que ledit transfert de donn\u00e9es est couvert par une obligation l\u00e9gale ou lorsque la fourniture d&rsquo;un service implique la n\u00e9cessit\u00e9 d&rsquo;une relation contractuelle avec un processeur de donn\u00e9es. Dans ce dernier cas, seul le transfert de donn\u00e9es \u00e0 un tiers sera effectu\u00e9 lorsque <strong>MAXIM TALLERES MECANICOS, S.L. <\/strong>avoir le consentement expr\u00e8s de l&rsquo;utilisateur.<\/p>\n<p>Il est possible que certains de nos fournisseurs, par exemple Google, traitent des donn\u00e9es hors des fronti\u00e8res de l\u2019Union Europ\u00e9enne. Dans ces cas, nous exigeons au fournisseur d\u2019adh\u00e9rer \u00e0 un protocole d\u2019ad\u00e9quation de protection des donn\u00e9es approuv\u00e9 par l\u2019Union Europ\u00e9enne.<\/p>\n<p><strong>5. Temps de conservation des donn\u00e9es<\/strong><\/p>\n<p><strong>MAXIM TALLERES MECANICOS, S.L. <\/strong>conservera toutes les donn\u00e9es de l\u2019utilisateur jusqu\u2019au moment o\u00f9 celui-ci demande express\u00e9ment leur suppression ou, du contraire, jusqu\u2019\u00e0 la fin de la relation commerciale qui l\u2019unit \u00e0 notre entreprise. Dans ce cas, les donn\u00e9es seront supprim\u00e9es quand sont respect\u00e9s les d\u00e9lais l\u00e9gaux pr\u00e9vus.<\/p>\n<p><strong>6. Droits des utilisateurs<\/strong><\/p>\n<p>Vous pouvez toujours exercer les droits d&rsquo;acc\u00e8s, de rectification, de suppression, de limitation, d&rsquo;opposition et de portabilit\u00e9 conform\u00e9ment aux dispositions des r\u00e9glementations l\u00e9gales en vigueur sur la politique de confidentialit\u00e9 de donn\u00e9s.<\/p>\n<p>Pour utiliser l&rsquo;exercice de ces droits, vous devez communiquer par \u00e9crit, en fournissant des documents prouvant votre identit\u00e9 (carte d&rsquo;identit\u00e9 ou passeport), \u00e0 l&rsquo;adresse suivante :<\/p>\n<p><strong>MTT-MAXIM, Ctra. Santa Coloma, 19-29 08913 Badalona (Barcelone) &#8211; ESPAGNE<\/strong><\/p>\n<p>ou par courrier \u00e9lectronique : <a href=\"mailto:protecciondatos@mtt-maxim.com\">protecciondedatos@mtt-maxim.com<\/a><\/p>\n<p>Cette communication doit refl\u00e9ter de mani\u00e8re concise vos donn\u00e9es d&rsquo;identification et d&rsquo;accr\u00e9ditation, ainsi que votre demande concernant vos donn\u00e9es.<\/p>\n<p><strong>7. Responsabilit\u00e9s des utilisateurs<\/strong><\/p>\n<p>L\u2019utilisateur est responsable que toutes les donn\u00e9es fournies et envoy\u00e9es \u00e0 <strong>MAXIM TALLERES MECANICOS, S.L. <\/strong>sont v\u00e9ridiques, exactes, mises \u00e0 jour, en vigueur et authentiques.<\/p>\n<p>De plus, il est aussi responsable du consentement donn\u00e9 \u00e0 l\u2019entreprise pour leur traitement et utilisation. De la m\u00eame mani\u00e8re, l\u2019utilisateur est responsable des donn\u00e9es de tiers qu\u2019il peut nous fournir, par rapport auxquels il est oblig\u00e9 d\u2019obtenir le consentement expr\u00e8s.<\/p>\n<p><strong>8. L\u00e9gislation et juridiction<\/strong><\/p>\n<p>Le fait d\u2019entrer dans le site Internet et dans les applications de <strong>MAXIM TALLERES MECANICOS, S.L. <\/strong>implique l\u2019acceptation des conditions dispos\u00e9es dans la pr\u00e9sente Politique de confidentialit\u00e9 de donn\u00e9es. Si vous n\u2019acceptez pas ces conditions, vous devrez \u00e9viter d\u2019utiliser et de visiter notre site Internet.<\/p>\n<p>Tout type d\u2019inconv\u00e9nient et de d\u00e9saccord pouvant surgir sera r\u00e9gi par la l\u00e9gislation espagnole et sera soumis aux Cours et Tribunaux de la ville la plus proche du domicile social de <strong>MAXIM TALLERES MECANICOS, S.L.<\/strong><\/p>\n<p><strong>PLUS D\u2019INFORMATIONS<\/strong><\/p>\n<ul>\n<li><a href=\"https:\/\/mtt-maxim.com\/fr\/notice-legale\/\">Notice l\u00e9gale<\/a><\/li>\n<li><a href=\"https:\/\/mtt-maxim.com\/fr\/cookies\/\">Information sur les cookies<\/a><\/li>\n<\/ul>\n<\/div><\/div><\/div><\/div><\/div>\n","protected":false},"excerpt":{"rendered":"","protected":false},"author":1,"featured_media":0,"parent":0,"menu_order":0,"comment_status":"closed","ping_status":"closed","template":"100-width.php","meta":{"footnotes":""},"class_list":["post-11390","page","type-page","status-publish","hentry"],"yoast_head":"<!-- This site is optimized with the Yoast SEO plugin v27.3 - https:\/\/yoast.com\/product\/yoast-seo-wordpress\/ -->\n<title>Politique de confidentialit\u00e9 de donn\u00e9es de MTT Maxim - Produits pour pr\u00e9fabriqu\u00e9s de b\u00e9ton<\/title>\n<meta name=\"description\" content=\"Information sur la politique de confidentialit\u00e9 de donn\u00e9es sur le site Internet de MTT Maxim, fabricant et distributeur de machines et de consommables pour pr\u00e9fabriqu\u00e9s de b\u00e9ton.\" \/>\n<meta name=\"robots\" content=\"index, follow, max-snippet:-1, max-image-preview:large, max-video-preview:-1\" \/>\n<link rel=\"canonical\" href=\"https:\/\/mtt-maxim.com\/fr\/politique-confidentialite-donnees\/\" \/>\n<meta property=\"og:locale\" content=\"fr_FR\" \/>\n<meta property=\"og:type\" content=\"article\" \/>\n<meta property=\"og:title\" content=\"Politique de confidentialit\u00e9 de donn\u00e9es de MTT Maxim - Produits pour pr\u00e9fabriqu\u00e9s de b\u00e9ton\" \/>\n<meta property=\"og:description\" content=\"Information sur la politique de confidentialit\u00e9 de donn\u00e9es sur le site Internet de MTT Maxim, fabricant et distributeur de machines et de consommables pour pr\u00e9fabriqu\u00e9s de b\u00e9ton.\" \/>\n<meta property=\"og:url\" content=\"https:\/\/mtt-maxim.com\/fr\/politique-confidentialite-donnees\/\" \/>\n<meta property=\"og:site_name\" content=\"Maquinaria y consumibles para el prefabricado de hormig\u00f3n MTT Maxim\" \/>\n<meta property=\"article:modified_time\" content=\"2026-03-09T09:28:57+00:00\" \/>\n<meta name=\"twitter:card\" content=\"summary_large_image\" \/>\n<meta name=\"twitter:label1\" content=\"Dur\u00e9e de lecture estim\u00e9e\" \/>\n\t<meta name=\"twitter:data1\" content=\"4 minutes\" \/>\n<script type=\"application\/ld+json\" class=\"yoast-schema-graph\">{\"@context\":\"https:\\\/\\\/schema.org\",\"@graph\":[{\"@type\":\"WebPage\",\"@id\":\"https:\\\/\\\/mtt-maxim.com\\\/fr\\\/politique-confidentialite-donnees\\\/\",\"url\":\"https:\\\/\\\/mtt-maxim.com\\\/fr\\\/politique-confidentialite-donnees\\\/\",\"name\":\"Politique de confidentialit\u00e9 de donn\u00e9es de MTT Maxim - Produits pour pr\u00e9fabriqu\u00e9s de b\u00e9ton\",\"isPartOf\":{\"@id\":\"https:\\\/\\\/mtt-maxim.com\\\/fr\\\/#website\"},\"datePublished\":\"2023-09-19T12:25:42+00:00\",\"dateModified\":\"2026-03-09T09:28:57+00:00\",\"description\":\"Information sur la politique de confidentialit\u00e9 de donn\u00e9es sur le site Internet de MTT Maxim, fabricant et distributeur de machines et de consommables pour pr\u00e9fabriqu\u00e9s de b\u00e9ton.\",\"breadcrumb\":{\"@id\":\"https:\\\/\\\/mtt-maxim.com\\\/fr\\\/politique-confidentialite-donnees\\\/#breadcrumb\"},\"inLanguage\":\"fr-FR\",\"potentialAction\":[{\"@type\":\"ReadAction\",\"target\":[\"https:\\\/\\\/mtt-maxim.com\\\/fr\\\/politique-confidentialite-donnees\\\/\"]}]},{\"@type\":\"BreadcrumbList\",\"@id\":\"https:\\\/\\\/mtt-maxim.com\\\/fr\\\/politique-confidentialite-donnees\\\/#breadcrumb\",\"itemListElement\":[{\"@type\":\"ListItem\",\"position\":1,\"name\":\"Inicio\",\"item\":\"https:\\\/\\\/mtt-maxim.com\\\/fr\\\/\"},{\"@type\":\"ListItem\",\"position\":2,\"name\":\"Politique de confidentialit\u00e9 de donn\u00e9es\"}]},{\"@type\":\"WebSite\",\"@id\":\"https:\\\/\\\/mtt-maxim.com\\\/fr\\\/#website\",\"url\":\"https:\\\/\\\/mtt-maxim.com\\\/fr\\\/\",\"name\":\"Maquinaria y consumibles para el prefabricado de hormig\u00f3n MTT Maxim\",\"description\":\"\",\"potentialAction\":[{\"@type\":\"SearchAction\",\"target\":{\"@type\":\"EntryPoint\",\"urlTemplate\":\"https:\\\/\\\/mtt-maxim.com\\\/fr\\\/?s={search_term_string}\"},\"query-input\":{\"@type\":\"PropertyValueSpecification\",\"valueRequired\":true,\"valueName\":\"search_term_string\"}}],\"inLanguage\":\"fr-FR\"}]}<\/script>\n<!-- \/ Yoast SEO plugin. -->","yoast_head_json":{"title":"Politique de confidentialit\u00e9 de donn\u00e9es de MTT Maxim - Produits pour pr\u00e9fabriqu\u00e9s de b\u00e9ton","description":"Information sur la politique de confidentialit\u00e9 de donn\u00e9es sur le site Internet de MTT Maxim, fabricant et distributeur de machines et de consommables pour pr\u00e9fabriqu\u00e9s de b\u00e9ton.","robots":{"index":"index","follow":"follow","max-snippet":"max-snippet:-1","max-image-preview":"max-image-preview:large","max-video-preview":"max-video-preview:-1"},"canonical":"https:\/\/mtt-maxim.com\/fr\/politique-confidentialite-donnees\/","og_locale":"fr_FR","og_type":"article","og_title":"Politique de confidentialit\u00e9 de donn\u00e9es de MTT Maxim - Produits pour pr\u00e9fabriqu\u00e9s de b\u00e9ton","og_description":"Information sur la politique de confidentialit\u00e9 de donn\u00e9es sur le site Internet de MTT Maxim, fabricant et distributeur de machines et de consommables pour pr\u00e9fabriqu\u00e9s de b\u00e9ton.","og_url":"https:\/\/mtt-maxim.com\/fr\/politique-confidentialite-donnees\/","og_site_name":"Maquinaria y consumibles para el prefabricado de hormig\u00f3n MTT Maxim","article_modified_time":"2026-03-09T09:28:57+00:00","twitter_card":"summary_large_image","twitter_misc":{"Dur\u00e9e de lecture estim\u00e9e":"4 minutes"},"schema":{"@context":"https:\/\/schema.org","@graph":[{"@type":"WebPage","@id":"https:\/\/mtt-maxim.com\/fr\/politique-confidentialite-donnees\/","url":"https:\/\/mtt-maxim.com\/fr\/politique-confidentialite-donnees\/","name":"Politique de confidentialit\u00e9 de donn\u00e9es de MTT Maxim - Produits pour pr\u00e9fabriqu\u00e9s de b\u00e9ton","isPartOf":{"@id":"https:\/\/mtt-maxim.com\/fr\/#website"},"datePublished":"2023-09-19T12:25:42+00:00","dateModified":"2026-03-09T09:28:57+00:00","description":"Information sur la politique de confidentialit\u00e9 de donn\u00e9es sur le site Internet de MTT Maxim, fabricant et distributeur de machines et de consommables pour pr\u00e9fabriqu\u00e9s de b\u00e9ton.","breadcrumb":{"@id":"https:\/\/mtt-maxim.com\/fr\/politique-confidentialite-donnees\/#breadcrumb"},"inLanguage":"fr-FR","potentialAction":[{"@type":"ReadAction","target":["https:\/\/mtt-maxim.com\/fr\/politique-confidentialite-donnees\/"]}]},{"@type":"BreadcrumbList","@id":"https:\/\/mtt-maxim.com\/fr\/politique-confidentialite-donnees\/#breadcrumb","itemListElement":[{"@type":"ListItem","position":1,"name":"Inicio","item":"https:\/\/mtt-maxim.com\/fr\/"},{"@type":"ListItem","position":2,"name":"Politique de confidentialit\u00e9 de donn\u00e9es"}]},{"@type":"WebSite","@id":"https:\/\/mtt-maxim.com\/fr\/#website","url":"https:\/\/mtt-maxim.com\/fr\/","name":"Maquinaria y consumibles para el prefabricado de hormig\u00f3n MTT Maxim","description":"","potentialAction":[{"@type":"SearchAction","target":{"@type":"EntryPoint","urlTemplate":"https:\/\/mtt-maxim.com\/fr\/?s={search_term_string}"},"query-input":{"@type":"PropertyValueSpecification","valueRequired":true,"valueName":"search_term_string"}}],"inLanguage":"fr-FR"}]}},"_links":{"self":[{"href":"https:\/\/mtt-maxim.com\/fr\/wp-json\/wp\/v2\/pages\/11390","targetHints":{"allow":["GET"]}}],"collection":[{"href":"https:\/\/mtt-maxim.com\/fr\/wp-json\/wp\/v2\/pages"}],"about":[{"href":"https:\/\/mtt-maxim.com\/fr\/wp-json\/wp\/v2\/types\/page"}],"author":[{"embeddable":true,"href":"https:\/\/mtt-maxim.com\/fr\/wp-json\/wp\/v2\/users\/1"}],"replies":[{"embeddable":true,"href":"https:\/\/mtt-maxim.com\/fr\/wp-json\/wp\/v2\/comments?post=11390"}],"version-history":[{"count":1,"href":"https:\/\/mtt-maxim.com\/fr\/wp-json\/wp\/v2\/pages\/11390\/revisions"}],"predecessor-version":[{"id":14204,"href":"https:\/\/mtt-maxim.com\/fr\/wp-json\/wp\/v2\/pages\/11390\/revisions\/14204"}],"wp:attachment":[{"href":"https:\/\/mtt-maxim.com\/fr\/wp-json\/wp\/v2\/media?parent=11390"}],"curies":[{"name":"wp","href":"https:\/\/api.w.org\/{rel}","templated":true}]}}