{"id":11378,"date":"2023-09-19T14:30:29","date_gmt":"2023-09-19T12:30:29","guid":{"rendered":"https:\/\/mtt-maxim.pruebasweb.com.es\/?page_id=11378"},"modified":"2025-09-19T08:56:16","modified_gmt":"2025-09-19T06:56:16","slug":"cookies","status":"publish","type":"page","link":"https:\/\/mtt-maxim.com\/fr\/cookies\/","title":{"rendered":"Information sur les cookies"},"content":{"rendered":"<div class=\"fusion-fullwidth fullwidth-box fusion-builder-row-1 fusion-flex-container has-pattern-background has-mask-background nonhundred-percent-fullwidth non-hundred-percent-height-scrolling\" style=\"--awb-border-radius-top-left:0px;--awb-border-radius-top-right:0px;--awb-border-radius-bottom-right:0px;--awb-border-radius-bottom-left:0px;--awb-padding-bottom:6%;--awb-flex-wrap:wrap;\" ><div class=\"fusion-builder-row fusion-row fusion-flex-align-items-flex-start fusion-flex-content-wrap\" style=\"max-width:1300px;margin-left: calc(-4% \/ 2 );margin-right: calc(-4% \/ 2 );\"><div class=\"fusion-layout-column fusion_builder_column fusion-builder-column-0 fusion_builder_column_1_1 1_1 fusion-flex-column\" style=\"--awb-bg-size:cover;--awb-width-large:100%;--awb-margin-top-large:0px;--awb-spacing-right-large:1.92%;--awb-margin-bottom-large:20px;--awb-spacing-left-large:1.92%;--awb-width-medium:100%;--awb-order-medium:0;--awb-spacing-right-medium:1.92%;--awb-spacing-left-medium:1.92%;--awb-width-small:100%;--awb-order-small:0;--awb-spacing-right-small:1.92%;--awb-spacing-left-small:1.92%;\"><div class=\"fusion-column-wrapper fusion-column-has-shadow fusion-flex-justify-content-flex-start fusion-content-layout-column\"><div class=\"fusion-text fusion-text-1\" style=\"--awb-content-alignment:justify;\"><h2>Utilisation de cookies<\/h2>\n<p>Sur notre site, nous utilisons nos propres cookies ainsi que des cookies tiers (Google Analytics) pour am\u00e9liorer votre exp\u00e9rience en tant qu\u2019utilisateur et pour recueillir des donn\u00e9es statistiques sur l\u2019utilisation de notre site de la part des utilisateurs. Les cookies s\u2019associent uniquement au navigateur utilis\u00e9, de sorte qu\u2019aucun type de donn\u00e9es personnelles concernant l\u2019utilisateur visitant notre site Internet n\u2019est stock\u00e9. Vous pouvez configurer votre navigateur pour qu\u2019il vous notifie et\/ou refuse l\u2019installation des cookies, sans que cela ne vous emp\u00eache d\u2019acc\u00e9der aux diff\u00e9rentes zones du site Internet, except\u00e9 au service de chat d\u2019assistance technique.<\/p>\n<p>En naviguant sur notre site Internet, vous acceptez l\u2019utilisation des cookies selon les conditions \u00e9tablies dans cette <strong>Politique de cookies.<\/strong> Cette politique pouvant \u00eatre actualis\u00e9e, nous vous invitons \u00e0 la relire r\u00e9guli\u00e8rement.<\/p>\n<h3>Que sont les cookies ?<\/h3>\n<p>Ce sont de petits fichiers textes que le serveur d\u2019Internet envoie au dispositif avec lequel vous vous connectez \u00e0 nos sites et qu\u2019il archive. Ils s\u2019associent uniquement \u00e0 votre navigateur et ne facilitent pas d\u2019eux-m\u00eame de donn\u00e9es personnelles. Non seulement, les cookies n\u2019endommagent pas votre dispositif, mais en plus, ils sont tr\u00e8s utiles car ils nous aident \u00e0 identifier et \u00e0 r\u00e9soudre des erreurs.<\/p>\n<p>Si vous souhaitez davantage d\u2019informations sur leur fonctionnement, nous vous recommandons de visiter <a href=\"http:\/\/www.allaboutcookies.org\" target=\"_blank\" rel=\"noopener noreferrer\"><strong>www.allaboutcookies.org <\/strong><\/a>et <a href=\"http:\/\/www.youronlinechoices.eu\/es\/\" target=\"_blank\" rel=\"noopener noreferrer\"><strong>www.youronlinechoices.eu<\/strong><\/a><\/p>\n<h3><span style=\"font-size: 1.17em; text-align: justify; line-height: 1.5em;\">Cookies de r\u00e9seaux sociaux<\/span><\/h3>\n<p>Notre site Internet comprend des boutons que les utilisateurs peuvent utiliser, de mani\u00e8re simple et intuitive, pour lier et partager certains contenus sur les r\u00e9seaux sociaux comme Facebook, Twitter, Google+, LinkedIn ou Pinterest. Cette fonctionnalit\u00e9 implique l\u2019emploi de cookies qui relient aux pages de ces r\u00e9seaux sociaux, en stockant uniquement dans ces pages l\u2019information.<\/p>\n<h3 style=\"text-align: justify;\">Configuration des cookies<\/h3>\n<p>Vous pouvez consulter les \u00e9tapes pour d\u00e9sactiver les cookies dans la rubrique \u00ab Aide \u00bb de votre navigateur : Microsoft Internet Explorer, Google Chrome, Safari, Mozilla Firefox et Opera.<\/p>\n<p>De nombreux navigateurs permettent d\u2019activer un mode priv\u00e9 gr\u00e2ce auquel les cookies sont effac\u00e9s apr\u00e8s votre visite sur le site. Selon le navigateur, ce mode priv\u00e9 peut porter un nom diff\u00e9rent. Vous trouverez ci-apr\u00e8s une liste des navigateurs les plus communs et les diff\u00e9rents noms donn\u00e9s \u00e0 ce \u00ab mode priv\u00e9 \u00bb :<\/p>\n<ul>\n<li>Internet Explorer 8 ou sup\u00e9rieur &#8211; InPrivate<\/li>\n<li>Microsoft Edge<\/li>\n<li>Opera 10.5 ou sup\u00e9rieur &#8211; Navigation Priv\u00e9e<\/li>\n<li>Google Chrome 10 ou sup\u00e9rieur &#8211; Incognito<\/li>\n<li>Safari 2 ou sup\u00e9rieur &#8211; Navigation Priv\u00e9e<\/li>\n<li>Firefox 3.5 ou sup\u00e9rieur &#8211; Navigation Priv\u00e9e<\/li>\n<\/ul>\n<p>Ci-apr\u00e8s, nous vous d\u00e9taillons la liste des cookies utilis\u00e9s par <a href=\"https:\/\/mtt-maxim.com\/fr\/\"><strong>mtt-maxim.com<\/strong><\/a>:<\/p>\n<\/div>\n<div class=\"table-1\">\n<table width=\"100%\">\n<thead>\n<tr>\n<th>Cookie<\/th>\n<th>Type<\/th>\n<th>Dur\u00e9e<\/th>\n<th>Description<\/th>\n<\/tr>\n<\/thead>\n<tbody>\n<tr>\n<td>devicePixelRatio<\/td>\n<td>Associ\u00e9 au site Internet<\/td>\n<td>\u00c0 7 jours<\/td>\n<td>Il permet de diff\u00e9rencier les diff\u00e9rents objets de suivi cr\u00e9\u00e9s dans la session.<\/td>\n<\/tr>\n<tr>\n<td>wordpress_test_cookie<\/td>\n<td>De tiers<\/td>\n<td>De session<\/td>\n<td>Ce cookie est utilis\u00e9 par le gestionnaire de contenu WordPress pour v\u00e9rifier si le navigateur a des cookies activ\u00e9s<\/td>\n<\/tr>\n<tr>\n<td>wordpress_logged_in[hash]<\/td>\n<td>De tiers<\/td>\n<td>De session<\/td>\n<td>Il indique si l\u2019utilisateur est connect\u00e9 et de qui il s\u2019agit<\/td>\n<\/tr>\n<tr>\n<td>wp-settings-1<\/td>\n<td>De tiers<\/td>\n<td>En fermant le navigateur<\/td>\n<td>Utilis\u00e9 pour personnaliser l&rsquo;interface de l&rsquo;utilisateur<\/td>\n<\/tr>\n<tr>\n<td>wp-settings-time-1<\/td>\n<td>Propre<\/td>\n<td>1 an<\/td>\n<td>Personnaliser l&rsquo;interface<\/td>\n<\/tr>\n<td align=\"left\">_utmc<\/td>\n<td align=\"left\">Tiers<\/td>\n<td align=\"left\">\u00c0 la fin de la session de navigation<\/td>\n<td align=\"left\">Utilis\u00e9 par Google Analytics.<\/td>\n<\/tr>\n<tr>\n<td align=\"left\">_utmv<\/td>\n<td align=\"left\">Tiers<\/td>\n<td align=\"left\">6 mois<\/td>\n<td align=\"left\">Utilis\u00e9 par Google Analytics.<\/td>\n<\/tr>\n<tr>\n<td align=\"left\">_utmz<\/td>\n<td align=\"left\">Tiers<\/td>\n<td align=\"left\">2 ans<\/td>\n<td align=\"left\">Utilis\u00e9 par Google Analytics.<\/td>\n<\/tr>\n<tr>\n<td align=\"left\">__utma<\/td>\n<td align=\"left\">Tiers<\/td>\n<td align=\"left\">2 ans<\/td>\n<td align=\"left\">Utilis\u00e9 par Google Analytics.<\/td>\n<\/tr>\n<tr>\n<td align=\"left\">__utmb<\/td>\n<td align=\"left\">Tiers<\/td>\n<td align=\"left\">30\u00a0minutes<\/td>\n<td align=\"left\">Utilis\u00e9 par Google Analytics.<\/td>\n<\/tr>\n<\/tbody>\n<\/table>\n<\/div>\n<\/div><\/div><\/div><\/div>\n","protected":false},"excerpt":{"rendered":"","protected":false},"author":1,"featured_media":0,"parent":0,"menu_order":0,"comment_status":"closed","ping_status":"closed","template":"100-width.php","meta":{"footnotes":""},"class_list":["post-11378","page","type-page","status-publish","hentry"],"yoast_head":"<!-- This site is optimized with the Yoast SEO plugin v27.3 - https:\/\/yoast.com\/product\/yoast-seo-wordpress\/ -->\n<title>Informations sur les cookies de MTT Maxim - Consommables et machines pour pr\u00e9fabriqu\u00e9s<\/title>\n<meta name=\"description\" content=\"Informations sur l&#039;utilisation des cookies sur notre site Internet. MTT Maxim est un fabricant et un distributeur de machines et de consommables pour pr\u00e9fabriqu\u00e9s de b\u00e9ton.\" \/>\n<meta name=\"robots\" content=\"index, follow, max-snippet:-1, max-image-preview:large, max-video-preview:-1\" \/>\n<link rel=\"canonical\" href=\"https:\/\/mtt-maxim.com\/fr\/cookies\/\" \/>\n<meta property=\"og:locale\" content=\"fr_FR\" \/>\n<meta property=\"og:type\" content=\"article\" \/>\n<meta property=\"og:title\" content=\"Informations sur les cookies de MTT Maxim - Consommables et machines pour pr\u00e9fabriqu\u00e9s\" \/>\n<meta property=\"og:description\" content=\"Informations sur l&#039;utilisation des cookies sur notre site Internet. MTT Maxim est un fabricant et un distributeur de machines et de consommables pour pr\u00e9fabriqu\u00e9s de b\u00e9ton.\" \/>\n<meta property=\"og:url\" content=\"https:\/\/mtt-maxim.com\/fr\/cookies\/\" \/>\n<meta property=\"og:site_name\" content=\"Maquinaria y consumibles para el prefabricado de hormig\u00f3n MTT Maxim\" \/>\n<meta property=\"article:modified_time\" content=\"2025-09-19T06:56:16+00:00\" \/>\n<meta name=\"twitter:card\" content=\"summary_large_image\" \/>\n<meta name=\"twitter:label1\" content=\"Dur\u00e9e de lecture estim\u00e9e\" \/>\n\t<meta name=\"twitter:data1\" content=\"3 minutes\" \/>\n<script type=\"application\/ld+json\" class=\"yoast-schema-graph\">{\"@context\":\"https:\\\/\\\/schema.org\",\"@graph\":[{\"@type\":\"WebPage\",\"@id\":\"https:\\\/\\\/mtt-maxim.com\\\/fr\\\/cookies\\\/\",\"url\":\"https:\\\/\\\/mtt-maxim.com\\\/fr\\\/cookies\\\/\",\"name\":\"Informations sur les cookies de MTT Maxim - Consommables et machines pour pr\u00e9fabriqu\u00e9s\",\"isPartOf\":{\"@id\":\"https:\\\/\\\/mtt-maxim.com\\\/fr\\\/#website\"},\"datePublished\":\"2023-09-19T12:30:29+00:00\",\"dateModified\":\"2025-09-19T06:56:16+00:00\",\"description\":\"Informations sur l'utilisation des cookies sur notre site Internet. MTT Maxim est un fabricant et un distributeur de machines et de consommables pour pr\u00e9fabriqu\u00e9s de b\u00e9ton.\",\"breadcrumb\":{\"@id\":\"https:\\\/\\\/mtt-maxim.com\\\/fr\\\/cookies\\\/#breadcrumb\"},\"inLanguage\":\"fr-FR\",\"potentialAction\":[{\"@type\":\"ReadAction\",\"target\":[\"https:\\\/\\\/mtt-maxim.com\\\/fr\\\/cookies\\\/\"]}]},{\"@type\":\"BreadcrumbList\",\"@id\":\"https:\\\/\\\/mtt-maxim.com\\\/fr\\\/cookies\\\/#breadcrumb\",\"itemListElement\":[{\"@type\":\"ListItem\",\"position\":1,\"name\":\"Inicio\",\"item\":\"https:\\\/\\\/mtt-maxim.com\\\/fr\\\/\"},{\"@type\":\"ListItem\",\"position\":2,\"name\":\"Information sur les cookies\"}]},{\"@type\":\"WebSite\",\"@id\":\"https:\\\/\\\/mtt-maxim.com\\\/fr\\\/#website\",\"url\":\"https:\\\/\\\/mtt-maxim.com\\\/fr\\\/\",\"name\":\"Maquinaria y consumibles para el prefabricado de hormig\u00f3n MTT Maxim\",\"description\":\"\",\"potentialAction\":[{\"@type\":\"SearchAction\",\"target\":{\"@type\":\"EntryPoint\",\"urlTemplate\":\"https:\\\/\\\/mtt-maxim.com\\\/fr\\\/?s={search_term_string}\"},\"query-input\":{\"@type\":\"PropertyValueSpecification\",\"valueRequired\":true,\"valueName\":\"search_term_string\"}}],\"inLanguage\":\"fr-FR\"}]}<\/script>\n<!-- \/ Yoast SEO plugin. -->","yoast_head_json":{"title":"Informations sur les cookies de MTT Maxim - Consommables et machines pour pr\u00e9fabriqu\u00e9s","description":"Informations sur l'utilisation des cookies sur notre site Internet. MTT Maxim est un fabricant et un distributeur de machines et de consommables pour pr\u00e9fabriqu\u00e9s de b\u00e9ton.","robots":{"index":"index","follow":"follow","max-snippet":"max-snippet:-1","max-image-preview":"max-image-preview:large","max-video-preview":"max-video-preview:-1"},"canonical":"https:\/\/mtt-maxim.com\/fr\/cookies\/","og_locale":"fr_FR","og_type":"article","og_title":"Informations sur les cookies de MTT Maxim - Consommables et machines pour pr\u00e9fabriqu\u00e9s","og_description":"Informations sur l'utilisation des cookies sur notre site Internet. MTT Maxim est un fabricant et un distributeur de machines et de consommables pour pr\u00e9fabriqu\u00e9s de b\u00e9ton.","og_url":"https:\/\/mtt-maxim.com\/fr\/cookies\/","og_site_name":"Maquinaria y consumibles para el prefabricado de hormig\u00f3n MTT Maxim","article_modified_time":"2025-09-19T06:56:16+00:00","twitter_card":"summary_large_image","twitter_misc":{"Dur\u00e9e de lecture estim\u00e9e":"3 minutes"},"schema":{"@context":"https:\/\/schema.org","@graph":[{"@type":"WebPage","@id":"https:\/\/mtt-maxim.com\/fr\/cookies\/","url":"https:\/\/mtt-maxim.com\/fr\/cookies\/","name":"Informations sur les cookies de MTT Maxim - Consommables et machines pour pr\u00e9fabriqu\u00e9s","isPartOf":{"@id":"https:\/\/mtt-maxim.com\/fr\/#website"},"datePublished":"2023-09-19T12:30:29+00:00","dateModified":"2025-09-19T06:56:16+00:00","description":"Informations sur l'utilisation des cookies sur notre site Internet. MTT Maxim est un fabricant et un distributeur de machines et de consommables pour pr\u00e9fabriqu\u00e9s de b\u00e9ton.","breadcrumb":{"@id":"https:\/\/mtt-maxim.com\/fr\/cookies\/#breadcrumb"},"inLanguage":"fr-FR","potentialAction":[{"@type":"ReadAction","target":["https:\/\/mtt-maxim.com\/fr\/cookies\/"]}]},{"@type":"BreadcrumbList","@id":"https:\/\/mtt-maxim.com\/fr\/cookies\/#breadcrumb","itemListElement":[{"@type":"ListItem","position":1,"name":"Inicio","item":"https:\/\/mtt-maxim.com\/fr\/"},{"@type":"ListItem","position":2,"name":"Information sur les cookies"}]},{"@type":"WebSite","@id":"https:\/\/mtt-maxim.com\/fr\/#website","url":"https:\/\/mtt-maxim.com\/fr\/","name":"Maquinaria y consumibles para el prefabricado de hormig\u00f3n MTT Maxim","description":"","potentialAction":[{"@type":"SearchAction","target":{"@type":"EntryPoint","urlTemplate":"https:\/\/mtt-maxim.com\/fr\/?s={search_term_string}"},"query-input":{"@type":"PropertyValueSpecification","valueRequired":true,"valueName":"search_term_string"}}],"inLanguage":"fr-FR"}]}},"_links":{"self":[{"href":"https:\/\/mtt-maxim.com\/fr\/wp-json\/wp\/v2\/pages\/11378","targetHints":{"allow":["GET"]}}],"collection":[{"href":"https:\/\/mtt-maxim.com\/fr\/wp-json\/wp\/v2\/pages"}],"about":[{"href":"https:\/\/mtt-maxim.com\/fr\/wp-json\/wp\/v2\/types\/page"}],"author":[{"embeddable":true,"href":"https:\/\/mtt-maxim.com\/fr\/wp-json\/wp\/v2\/users\/1"}],"replies":[{"embeddable":true,"href":"https:\/\/mtt-maxim.com\/fr\/wp-json\/wp\/v2\/comments?post=11378"}],"version-history":[{"count":0,"href":"https:\/\/mtt-maxim.com\/fr\/wp-json\/wp\/v2\/pages\/11378\/revisions"}],"wp:attachment":[{"href":"https:\/\/mtt-maxim.com\/fr\/wp-json\/wp\/v2\/media?parent=11378"}],"curies":[{"name":"wp","href":"https:\/\/api.w.org\/{rel}","templated":true}]}}