{"id":11356,"date":"2023-09-19T14:13:40","date_gmt":"2023-09-19T14:13:40","guid":{"rendered":"https:\/\/mtt-maxim.pruebasweb.com.es\/?page_id=11356"},"modified":"2023-11-14T11:24:23","modified_gmt":"2023-11-14T11:24:23","slug":"notice-legale","status":"publish","type":"page","link":"https:\/\/mtt-maxim.com\/fr\/notice-legale\/","title":{"rendered":"Notice l\u00e9gale"},"content":{"rendered":"<div class=\"fusion-fullwidth fullwidth-box fusion-builder-row-1 fusion-flex-container has-pattern-background has-mask-background nonhundred-percent-fullwidth non-hundred-percent-height-scrolling\" style=\"--awb-border-radius-top-left:0px;--awb-border-radius-top-right:0px;--awb-border-radius-bottom-right:0px;--awb-border-radius-bottom-left:0px;--awb-padding-bottom:6%;--awb-flex-wrap:wrap;\" ><div class=\"fusion-builder-row fusion-row fusion-flex-align-items-flex-start fusion-flex-content-wrap\" style=\"max-width:1300px;margin-left: calc(-4% \/ 2 );margin-right: calc(-4% \/ 2 );\"><div class=\"fusion-layout-column fusion_builder_column fusion-builder-column-0 fusion_builder_column_1_1 1_1 fusion-flex-column\" style=\"--awb-bg-size:cover;--awb-width-large:100%;--awb-margin-top-large:0px;--awb-spacing-right-large:1.92%;--awb-margin-bottom-large:20px;--awb-spacing-left-large:1.92%;--awb-width-medium:100%;--awb-order-medium:0;--awb-spacing-right-medium:1.92%;--awb-spacing-left-medium:1.92%;--awb-width-small:100%;--awb-order-small:0;--awb-spacing-right-small:1.92%;--awb-spacing-left-small:1.92%;\"><div class=\"fusion-column-wrapper fusion-column-has-shadow fusion-flex-justify-content-flex-start fusion-content-layout-column\"><div class=\"fusion-text fusion-text-1\" style=\"--awb-content-alignment:justify;\"><p>Conform\u00e9ment \u00e0 la Loi 32\/2002, relative aux Services de la Soci\u00e9t\u00e9 de l\u2019Information et du Commerce \u00c9lectronique d\u2019Espagne, nous vous informons que ce site Internet appartient \u00e0 MAXIM TALLERES MECANICOS, S.L., dont le domicile est sis \u00e0 Ctra. Santa Coloma, 19-29 08913 Badalona (Barcelone) &#8211; ESPAGNE, titulaire du Siret (NIF) n\u00ba B58253964 et inscrite au Registre du Commerce et des Soci\u00e9t\u00e9s de Barcelone. Tome 23 797, Folio 145, Feuille B-58827, Inscription 2<sup>e<\/sup>.<\/p>\n<p>Ce site Internet est r\u00e9git par la r\u00e9glementation exclusivement applicable en Espagne, y soumettant ainsi tous les utilisateurs du site, qu\u2019ils soient espagnols ou \u00e9trangers.<\/p>\n<p>L\u2019acc\u00e8s de l\u2019UTILISATEUR \u00e0 notre site Internet est gratuit et requiert la lecture pr\u00e9alable ainsi que l\u2019acceptation int\u00e9grale, expresse et sans r\u00e9serve des pr\u00e9sentes CONDITIONS G\u00c9N\u00c9RALES D\u2019UTILISATION en vigueur au moment de l\u2019acc\u00e8s que nous vous prions de lire attentivement. D\u00e8s que l\u2019UTILISATEUR utilise notre site Internet, son contenu ou ses services, il accepte et se soumet express\u00e9ment \u00e0 ses conditions g\u00e9n\u00e9rales d\u2019utilisation. Si l\u2019UTILISATEUR n\u2019est pas d\u2019accord avec les pr\u00e9sentes conditions d\u2019utilisation, il doit s\u2019abstenir d\u2019utiliser ce site Internet et de r\u00e9aliser des op\u00e9rations \u00e0 travers celui-ci.<\/p>\n<p>\u00c0 tout moment, nous pouvons modifier la pr\u00e9sentation et la configuration de ce site Internet, augmenter ou r\u00e9duire les services, et m\u00eame le supprimer du r\u00e9seau Internet, ainsi que les services et les contenus offerts, de mani\u00e8re unilat\u00e9rale et sans avis pr\u00e9alable.<\/p>\n<p><strong>A. PROPRI\u00c9T\u00c9 INTELLECTUELLE<\/strong><\/p>\n<p>L\u2019ensemble des contenus, des textes, des images et des codes sources appartiennent \u00e0 MAXIM TALLERES MECANICOS, S.L. ou \u00e0 des tiers dont les droits d\u2019exploitation ont \u00e9t\u00e9 acquis, sont prot\u00e9g\u00e9s par les droits de Propri\u00e9t\u00e9 intellectuelle et industrielle.<\/p>\n<p>L\u2019UTILISATEUR n\u2019a le droit de les utiliser que de mani\u00e8re priv\u00e9e, sans but lucratif, et doit \u00eatre express\u00e9ment autoris\u00e9 par MAXIM TALLERES MECANICOS, S.L. et\/ou par le titulaire des droits pour les modifier, les reproduire, les exploiter, les distribuer ou pour tout droit appartenant \u00e0 leur titulaire.<\/p>\n<p>L\u2019\u00e9tablissement de liens hypertexte \u00e0 notre site Internet ne conf\u00e8re aucun droit sur celui-ci et ils ne sont autoris\u00e9s que pour permettre l\u2019acc\u00e8s \u00e0 notre site. La reproduction totale ou partielle des images et\/ou des contenus de notre site sur d\u2019autres pages est interdite. De m\u00eame, le simple droit d\u2019\u00e9tablir un lien vers notre site ne donne pas droit \u00e0 s\u2019octroyer la cat\u00e9gorie de collaborateur ou d\u2019associ\u00e9 de MAXIM TALLERES MECANICOS, S.L.<\/p>\n<p>L\u2019imitation totale ou partielle de notre site est absolument interdite.<\/p>\n<p><strong>B. CONDITIONS D\u2019ACC\u00c8S<\/strong><\/p>\n<p>L\u2019acc\u00e8s \u00e0 notre site est gratuit et n\u2019exige aucune souscription ou registre. Cependant, MAXIM TALLERES MECANICOS, S.L. se r\u00e9serve le droit d\u2019offrir des services qui exigent le registre pr\u00e9alable de l\u2019UTILISATEUR. Dans tous les cas, ces services seront d\u00fbment identifi\u00e9s sur le site, avec des indications simples pour leur registre.<\/p>\n<p>L\u2019UTILISATEUR doit acc\u00e9der \u00e0 notre site conform\u00e9ment \u00e0 la bonne foi, aux r\u00e8gles d\u2019ordre publique, aux pr\u00e9sentes Conditions g\u00e9n\u00e9rales d\u2019utilisation. L\u2019acc\u00e8s \u00e0 notre site se fait sous la responsabilit\u00e9 propre et exclusive de l\u2019UTILISATEUR qui r\u00e9pondra dans tous les cas pour les dommages qu\u2019il peut causer \u00e0 des tiers ou \u00e0 notre entreprise.<\/p>\n<p>Il est express\u00e9ment interdit que l\u2019UTILISATEUR emploie et obtienne des services et des contenus offerts par le pr\u00e9sent site, par le biais de proc\u00e9dures diff\u00e9rentes \u00e0 celles stipul\u00e9es dans les pr\u00e9sentes conditions d\u2019utilisation et, le cas \u00e9ch\u00e9ant, dans les conditions particuli\u00e8res qui r\u00e8glementent l\u2019acquisition de services d\u00e9termin\u00e9s.<\/p>\n<p>Vu l\u2019impossibilit\u00e9 de contr\u00f4ler l\u2019information, les contenus et les services que contiennent d\u2019autres sites Internet auxquels il est possible d\u2019acc\u00e9der par l\u2019interm\u00e9diaire des liens hypertextes que notre site met \u00e0 votre disposition, nous vous communiquons que MAXIM TALLERES MECANICOS, S.L. est exempte de toute responsabilit\u00e9 en cas de dommages pouvant d\u00e9river de votre utilisation des sites ext\u00e9rieurs au n\u00f4tre. MAXIM TALLERES MECANICOS, S.L. se r\u00e9serve le droit d\u2019exercer les actions l\u00e9gales opportunes contre les UTILISATEURS qui violent les pr\u00e9sentes conditions g\u00e9n\u00e9rales d\u2019utilisation. L\u2019UTILISATEUR accepte que le d\u00e9faut d\u2019ouverture de ces actions ne constitue pas un abandon formel de celles-ci, puisqu\u2019elles sont en vigueur jusqu\u2019\u00e0 la date de prescription des infractions.<\/p>\n<p><strong>C. PROTECTION DES DONN\u00c9ES PERSONNELLES<\/strong><\/p>\n<p>La confidentialit\u00e9, le secret professionnel et la s\u00e9curit\u00e9 sont des valeurs primordiales pour MAXIM TALLERES MECANICOS, S.L. qui s\u2019engage \u00e0 garantir la confidentialit\u00e9 de l\u2019UTILISATEUR \u00e0 tout moment et dans toutes les interactions. MAXIM TALLERES MECANICOS, S.L. s\u2019engage \u00e9galement \u00e0 ne pas solliciter d\u2019information non n\u00e9cessaire sur l\u2019UTILISATEUR. De m\u00eame, nous nous engageons \u00e0 traiter l\u2019information personnelle que l\u2019UTILISATEUR facilite par l\u2019interm\u00e9diaire de notre site avec une diligence accrue.<\/p>\n<p>Conform\u00e9ment \u00e0 la Loi organique 15\/1999 sur la Protection des donn\u00e9es \u00e0 caract\u00e8re personnel (LOPD) et le D\u00e9cret royal 1720\/2007 relatif au d\u00e9veloppement de la LOPD, nous vous informons que l\u2019utilisation de services d\u00e9termin\u00e9s de notre site exige que vous nous facilitiez certaines informations personnelles par le biais de formulaires ou de l\u2019envoi d\u2019email, et que celles-ci soient trait\u00e9es et incorpor\u00e9es dans les fichiers de MAXIM TALLERES MECANICOS, S.L. dont elle est titulaire et responsable. L\u2019envoi r\u00e9f\u00e9r\u00e9 des donn\u00e9es personnelle constitue le consentement expr\u00e8s de leur traitement, bien qu\u2019il soit r\u00e9vocable et sans effet r\u00e9troactif.<\/p>\n<p>De m\u00eame, nous vous informons que tous nos fichiers sont l\u00e9galement inscrits dans le Registre g\u00e9n\u00e9rale de donn\u00e9es personnelles de l\u2019Agence espagnole de protection de donn\u00e9es (AEPD). En outre, pour sauvegarder la s\u00e9curit\u00e9 de vos donn\u00e9es personnelles, les mesures de s\u00e9curit\u00e9 techniques et organisatrices exig\u00e9es dans le D\u00e9cret royale 1720\/2007, r\u00e9gulant le r\u00e8glement de mesures de s\u00e9curit\u00e9 des fichiers qui contiennent des donn\u00e9es \u00e0 caract\u00e8re personnel, seront appliqu\u00e9es.<\/p>\n<p><strong>UTILISATION DE VOS DONN\u00c9ES PERSONNELLES<\/strong><\/p>\n<p>Les informations que nous vous demandons sont les informations ad\u00e9quates, pertinentes et strictement n\u00e9cessaires aux fins pour lesquelles elles sont reprises, et vous n\u2019\u00eates en aucun cas oblig\u00e9 \u00e0 nous les faciliter. De m\u00eame, vous nous certifiez que toutes les donn\u00e9es que vous nous facilitez sont correctes, vraies et pertinentes pour les fins pour lesquelles nous vous les demandons. Notre site reprend vos donn\u00e9es personnelles par l\u2019interm\u00e9diaire de la r\u00e9ception de diff\u00e9rents formulaires et de l\u2019adresse \u00e9lectronique par laquelle vous pouvez nous solliciter n\u2019importe quel type d\u2019information, d\u2019\u00e9claircissement ou de doute, et m\u00eame nous envoyer votre curriculum vit\u00e6. Leur envoi implique votre autorisation pour qu\u2019elles soient incorpor\u00e9es aux fichiers correspondants, si MAXIM TALLERES MECANICOS, S.L. le juge souhaitable, et elles seront r\u00e9gul\u00e9es par les pr\u00e9sentes politiques de confidentialit\u00e9 de donn\u00e9es. Vos donn\u00e9es seront incorpor\u00e9es \u00e0 nos fichiers de traitement de donn\u00e9es.<\/p>\n<p>MAXIM TALLERES MECANICOS, S.L., se r\u00e9serve le droit de d\u00e9cider d\u2019incorporer ou non vos donn\u00e9es personnelles \u00e0 ses fichiers.<\/p>\n<p><strong>DROITS D\u2019ACC\u00c8S, DE RECTIFICATION, D\u2019ANNULATION DE VOS DONN\u00c9ES PERSONNELLES<\/strong><\/p>\n<p>\u00c0 tout moment, il vous est possible de vous opposer \u00e0 nos envois commerciaux, ainsi que d\u2019exercer vos droits d\u2019acc\u00e8s, de rectification, et d\u2019annulation en vertu des termes l\u00e9galement \u00e9tablis, en vous dirigeant \u00e0 : MAXIM TALLERES MECANICOS, S.L. \u2013 Ctra. Santa Coloma, 19-29 &#8211; 08913 Badalona (Barcelone) &#8211; ESPAGNE.<\/p>\n<p><strong>COMMUNICATIONS DE DONN\u00c9ES<\/strong><\/p>\n<p>MAXIM TALLERES MECANICOS, S.L. vous informe que vos donn\u00e9es sont trait\u00e9es de mani\u00e8re confidentielle et sont utilis\u00e9es exclusivement en interne et aux fins indiqu\u00e9es. D\u00e8s lors, nous ne c\u00e9dons ni ne communiquons vos donn\u00e9es, except\u00e9 dans les cas l\u00e9gaux pr\u00e9vus, ou dans le cas o\u00f9 l\u2019UTILISATEUR nous donne express\u00e9ment son autorisation.<\/p>\n<p><strong>S\u00c9CURIT\u00c9 DE VOS DONN\u00c9ES PERSONNELLES<\/strong><\/p>\n<p>Dans le but de sauvegarder la s\u00e9curit\u00e9 de vos donn\u00e9es personnelles, nous vous informons que MAXIM TALLERES MECANICOS, S.L. a adopt\u00e9 toutes les mesures de nature technique et organisatrice n\u00e9cessaires pour garantir la s\u00e9curit\u00e9 des donn\u00e9es personnelles fournies, leur alt\u00e9ration, leur perte et leurs traitements ou acc\u00e8s non autoris\u00e9s, tel que l\u2019exige le D\u00e9cret royal 1720\/2007 qui r\u00e9gule le r\u00e8glement de mesures de s\u00e9curit\u00e9 des fichiers contenant les donn\u00e9es \u00e0 caract\u00e8re personnel.<\/p>\n<p><strong>ACTUALISATION DE VOS DONN\u00c9ES<\/strong><\/p>\n<p>Pour pouvoir maintenir vos donn\u00e9es personnelles actualis\u00e9es, il est important que vous nous informiez de toute modification qu\u2019elles aient pu conna\u00eetre, dans le cas contraire nous ne r\u00e9pondrons pas de leur v\u00e9racit\u00e9.<\/p>\n<p>Si vous n\u2019annulez pas express\u00e9ment vos donn\u00e9es personnelles de nos fichiers, nous consid\u00e9rons que vous continuez \u00e0 \u00eatre int\u00e9ress\u00e9 \u00e0 y appara\u00eetre tant que MAXIM TALLERES MECANICOS, S.L. le consid\u00e8re opportun et tant que cela s\u2019ajuste aux fins pour lesquelles elles ont \u00e9t\u00e9 obtenues. MAXIM TALLERES MECANICOS, S.L., n\u2019est pas responsable de la politique de confidentialit\u00e9 \u00e0 laquelle sont soumises les donn\u00e9es personnelles que vous facilitez \u00e0 des tiers par l\u2019interm\u00e9diaire de liens hypertextes disponibles sur notre site Internet.<\/p>\n<p>MAXIM TALLERES MECANICOS, S.L. peut modifier les pr\u00e9sentes politiques de confidentialit\u00e9 de donn\u00e9es pour les adapter aux modifications se produisant sur notre site Internet, ainsi qu\u2019aux modifications l\u00e9gislatives ou jurisprudentielles sur les donn\u00e9es personnelles pouvant appara\u00eetre. Par cons\u00e9quent, elle requiert leur lecture, chaque fois que vous nous facilitez des donn\u00e9es \u00e0 travers ce site Internet.<\/p>\n<p><strong>D. RESPONSABILIT\u00c9S<\/strong><\/p>\n<p>En mettant ce site Internet \u00e0 disposition de L\u2019UTILISATEUR, nous souhaitons lui offrir une s\u00e9rie de contenus et de services de qualit\u00e9, avec la plus grande diligence dans la prestation de services ainsi que dans les moyens technologiques utilis\u00e9s. Cependant, nous ne r\u00e9pondrons pas de la pr\u00e9sence de virus et d\u2019autres \u00e9l\u00e9ments pouvant d\u2019une mani\u00e8re ou d\u2019une autre endommager le syst\u00e8me informatique de L\u2019UTILISATEUR.<\/p>\n<p>L&rsquo;UTILISATEUR est interdit de toute action sur notre site Internet qui se traduit par une surcharge de nos syst\u00e8mes informatiques et l\u2019introduction de virus, l\u2019installation des robots ou des logiciels qui alt\u00e8re le fonctionnement normal de notre site Internet, ou qui en fin de compte peut causer des dommages \u00e0 notre syst\u00e8mes informatiques.<\/p>\n<p>L\u2019UTILISATEUR assume toute la responsabilit\u00e9 d\u00e9rivant de l\u2019utilisation de notre site, il est l\u2019unique responsable de tout effet direct ou indirect d\u00e9coulant sur notre site, y compris, de mani\u00e8re \u00e9nonciative et non limit\u00e9e, tout r\u00e9sultat \u00e9conomique, technique et\/ou juridique contraire, ainsi que la fraude des expectatives g\u00e9n\u00e9r\u00e9es par notre portail, obligeant L\u2019UTILISATEUR \u00e0 indemniser MAXIM TALLERES MECANICOS, S.L. pour toute r\u00e9clamation d\u00e9rivant, directement ou indirectement, de tels faits.<\/p>\n<p>MAXIM TALLERES MECANICOS, S.L. est exon\u00e9r\u00e9 de responsabilit\u00e9 par toute r\u00e9clamation en ce qui concerne les droits de propri\u00e9t\u00e9 intellectuelle des articles et des images publi\u00e9es dans son site Internet, ainsi que, ne garantit pas l&rsquo;exactitude, la v\u00e9racit\u00e9 et validit\u00e9 des contenus de ce site, tant soient propres, au tiers, ou relies \u00e0 d&rsquo;autres sites, restant totalement exon\u00e9r\u00e9e de toute responsabilit\u00e9 d\u00e9riv\u00e9e de l&rsquo;utilisation de ces derniers.<\/p>\n<p>MAXIM TALLERES MECANICOS, S.L. d\u00e9cline toute responsabilit\u00e9 d\u00e9rivant de toute r\u00e9clamation, y compris le paiement d\u2019honoraires \u00e0 des avocats, en cas de plaintes et de r\u00e9clamations d\u00e9pos\u00e9es par des tiers pour le non-respect de nos conditions d\u2019utilisation, d\u2019acc\u00e8s et de notre politique de confidentialit\u00e9 de donn\u00e9es de la part de L\u2019UTILISATEUR, ou de toute autre r\u00e9clamation en cas de non-respect de la l\u00e9gislation en vigueur.<\/p>\n<p>L\u2019UTILISATEUR reconna\u00eet qu\u2019il a compris toute l\u2019information relative aux conditions d\u2019utilisation de notre portail, il reconna\u00eet \u00e9galement qu\u2019elle est suffisante pour exclure tout type d\u2019erreurs et, d\u00e8s lors, il les accepte int\u00e9gralement et express\u00e9ment.<\/p>\n<p>L\u2019UTILISATEUR est pleinement conscient que la simple navigation sur ce site Internet, ainsi que l\u2019utilisation de ses services, implique l\u2019acceptation des pr\u00e9sentes conditions d\u2019utilisation.<\/p>\n<p>Tout ce qui concerne notre site Internet est r\u00e9git exclusivement par les lois espagnoles. Dans le cas o\u00f9 il surgirait tout type de divergence ou de diff\u00e9rent entre les parties en ce qui concerne l\u2019interpr\u00e9tation et le contenu du pr\u00e9sent site, toutes les parties sont soumises aux cours et tribunaux de Barcelone et renoncent express\u00e9ment \u00e0 toute autre juridiction.<\/p>\n<p><strong>E. GOOGLE ANALYTICS<\/strong><\/p>\n<p>Ce site utilises Google Analytics, un service analytique d&rsquo;Internet fourni par Google, Inc. (\u00ab\u00a0Google\u00a0\u00bb) dont le si\u00e8ge principal est sis \u00e0\u00a0 1600 Amphitheatre Parkway, Mountain View (California), CA 94043, USA.<\/p>\n<p>Google Analytics utilise des \u00ab cookies \u00bb qui sont des fichiers texte d\u00e9pos\u00e9s sur votre ordinateur pour aider le site Internet \u00e0 analyser l\u2019utilisation du site par les utilisateurs.<\/p>\n<p>L\u2019information que g\u00e9n\u00e8re le cookie sur l\u2019utilisation du site Internet (y compris son adresse IP) sera directement transmise et stock\u00e9e par Google dans les serveurs des \u00c9tats-Unis.<\/p>\n<p>Google va utiliser ces informations en notre nom pour \u00e9valuer l\u2019utilisation que vous faites de ce site, en \u00e9tablissant des rapports sur les activit\u00e9s du site et en pr\u00eatant d\u2019autres services li\u00e9s \u00e0 son activit\u00e9 et \u00e0 l\u2019utilisation d\u2019Internet.<\/p>\n<p>Google pourra transmettre ces informations \u00e0 des tiers lorsque la l\u00e9gislation l\u2019exige, ou quand ces tiers traitent l\u2019information pour Google.<\/p>\n<p>Google n\u2019associera votre adresse IP avec aucune autre donn\u00e9e dont il dispose.<\/p>\n<p>Ce site Internet peut utiliser des \u00ab tracking tags \u00bb sur des pages d\u00e9termin\u00e9es pour la mesure et l\u2019optimisation de campagnes de marketings de r\u00e9sultats, en aucun cas il ne stocke d\u2019information personnelle de l\u2019utilisateur.<\/p>\n<p>L\u2019UTILISATEUR peut refuser le traitement des donn\u00e9es ou de l\u2019information en rejetant l\u2019utilisation de cookies moyennant la s\u00e9lection de la configuration appropri\u00e9e de son navigateur\u00a0; toutefois, vous devez savoir que si vous le faites, il se peut que vous ne puissiez pas utiliser toutes les fonctionnalit\u00e9s de ce site Internet. En utilisant ce site, L\u2019UTILISATEUR consent le traitement de cette information par Google, selon la forme et aux fins indiqu\u00e9es ci-dessus.<\/p>\n<\/div><\/div><\/div><\/div><\/div>\n","protected":false},"excerpt":{"rendered":"","protected":false},"author":1,"featured_media":0,"parent":0,"menu_order":0,"comment_status":"closed","ping_status":"closed","template":"100-width.php","meta":{"footnotes":""},"class_list":["post-11356","page","type-page","status-publish","hentry"],"yoast_head":"<!-- This site is optimized with the Yoast SEO plugin v27.3 - https:\/\/yoast.com\/product\/yoast-seo-wordpress\/ -->\n<title>Notice l\u00e9gale de MTT Maxim - Machines et consommables pour pr\u00e9fabriqu\u00e9s de b\u00e9ton<\/title>\n<meta name=\"description\" content=\"Information de LSSICE sur notre site Internet. MTT Maxim est un fabricant de machines pour pr\u00e9fabriqu\u00e9s de b\u00e9ton et un distributeur de produits consommables.\" \/>\n<meta name=\"robots\" content=\"index, follow, max-snippet:-1, max-image-preview:large, max-video-preview:-1\" \/>\n<link rel=\"canonical\" href=\"https:\/\/mtt-maxim.com\/fr\/notice-legale\/\" \/>\n<meta property=\"og:locale\" content=\"fr_FR\" \/>\n<meta property=\"og:type\" content=\"article\" \/>\n<meta property=\"og:title\" content=\"Notice l\u00e9gale de MTT Maxim - Machines et consommables pour pr\u00e9fabriqu\u00e9s de b\u00e9ton\" \/>\n<meta property=\"og:description\" content=\"Information de LSSICE sur notre site Internet. MTT Maxim est un fabricant de machines pour pr\u00e9fabriqu\u00e9s de b\u00e9ton et un distributeur de produits consommables.\" \/>\n<meta property=\"og:url\" content=\"https:\/\/mtt-maxim.com\/fr\/notice-legale\/\" \/>\n<meta property=\"og:site_name\" content=\"Maquinaria y consumibles para el prefabricado de hormig\u00f3n MTT Maxim\" \/>\n<meta property=\"article:modified_time\" content=\"2023-11-14T11:24:23+00:00\" \/>\n<meta name=\"twitter:card\" content=\"summary_large_image\" \/>\n<meta name=\"twitter:label1\" content=\"Dur\u00e9e de lecture estim\u00e9e\" \/>\n\t<meta name=\"twitter:data1\" content=\"12 minutes\" \/>\n<script type=\"application\/ld+json\" class=\"yoast-schema-graph\">{\"@context\":\"https:\\\/\\\/schema.org\",\"@graph\":[{\"@type\":\"WebPage\",\"@id\":\"https:\\\/\\\/mtt-maxim.com\\\/fr\\\/notice-legale\\\/\",\"url\":\"https:\\\/\\\/mtt-maxim.com\\\/fr\\\/notice-legale\\\/\",\"name\":\"Notice l\u00e9gale de MTT Maxim - Machines et consommables pour pr\u00e9fabriqu\u00e9s de b\u00e9ton\",\"isPartOf\":{\"@id\":\"https:\\\/\\\/mtt-maxim.com\\\/fr\\\/#website\"},\"datePublished\":\"2023-09-19T14:13:40+00:00\",\"dateModified\":\"2023-11-14T11:24:23+00:00\",\"description\":\"Information de LSSICE sur notre site Internet. MTT Maxim est un fabricant de machines pour pr\u00e9fabriqu\u00e9s de b\u00e9ton et un distributeur de produits consommables.\",\"breadcrumb\":{\"@id\":\"https:\\\/\\\/mtt-maxim.com\\\/fr\\\/notice-legale\\\/#breadcrumb\"},\"inLanguage\":\"fr-FR\",\"potentialAction\":[{\"@type\":\"ReadAction\",\"target\":[\"https:\\\/\\\/mtt-maxim.com\\\/fr\\\/notice-legale\\\/\"]}]},{\"@type\":\"BreadcrumbList\",\"@id\":\"https:\\\/\\\/mtt-maxim.com\\\/fr\\\/notice-legale\\\/#breadcrumb\",\"itemListElement\":[{\"@type\":\"ListItem\",\"position\":1,\"name\":\"Inicio\",\"item\":\"https:\\\/\\\/mtt-maxim.com\\\/fr\\\/\"},{\"@type\":\"ListItem\",\"position\":2,\"name\":\"Notice l\u00e9gale\"}]},{\"@type\":\"WebSite\",\"@id\":\"https:\\\/\\\/mtt-maxim.com\\\/fr\\\/#website\",\"url\":\"https:\\\/\\\/mtt-maxim.com\\\/fr\\\/\",\"name\":\"Maquinaria y consumibles para el prefabricado de hormig\u00f3n MTT Maxim\",\"description\":\"\",\"potentialAction\":[{\"@type\":\"SearchAction\",\"target\":{\"@type\":\"EntryPoint\",\"urlTemplate\":\"https:\\\/\\\/mtt-maxim.com\\\/fr\\\/?s={search_term_string}\"},\"query-input\":{\"@type\":\"PropertyValueSpecification\",\"valueRequired\":true,\"valueName\":\"search_term_string\"}}],\"inLanguage\":\"fr-FR\"}]}<\/script>\n<!-- \/ Yoast SEO plugin. -->","yoast_head_json":{"title":"Notice l\u00e9gale de MTT Maxim - Machines et consommables pour pr\u00e9fabriqu\u00e9s de b\u00e9ton","description":"Information de LSSICE sur notre site Internet. MTT Maxim est un fabricant de machines pour pr\u00e9fabriqu\u00e9s de b\u00e9ton et un distributeur de produits consommables.","robots":{"index":"index","follow":"follow","max-snippet":"max-snippet:-1","max-image-preview":"max-image-preview:large","max-video-preview":"max-video-preview:-1"},"canonical":"https:\/\/mtt-maxim.com\/fr\/notice-legale\/","og_locale":"fr_FR","og_type":"article","og_title":"Notice l\u00e9gale de MTT Maxim - Machines et consommables pour pr\u00e9fabriqu\u00e9s de b\u00e9ton","og_description":"Information de LSSICE sur notre site Internet. MTT Maxim est un fabricant de machines pour pr\u00e9fabriqu\u00e9s de b\u00e9ton et un distributeur de produits consommables.","og_url":"https:\/\/mtt-maxim.com\/fr\/notice-legale\/","og_site_name":"Maquinaria y consumibles para el prefabricado de hormig\u00f3n MTT Maxim","article_modified_time":"2023-11-14T11:24:23+00:00","twitter_card":"summary_large_image","twitter_misc":{"Dur\u00e9e de lecture estim\u00e9e":"12 minutes"},"schema":{"@context":"https:\/\/schema.org","@graph":[{"@type":"WebPage","@id":"https:\/\/mtt-maxim.com\/fr\/notice-legale\/","url":"https:\/\/mtt-maxim.com\/fr\/notice-legale\/","name":"Notice l\u00e9gale de MTT Maxim - Machines et consommables pour pr\u00e9fabriqu\u00e9s de b\u00e9ton","isPartOf":{"@id":"https:\/\/mtt-maxim.com\/fr\/#website"},"datePublished":"2023-09-19T14:13:40+00:00","dateModified":"2023-11-14T11:24:23+00:00","description":"Information de LSSICE sur notre site Internet. MTT Maxim est un fabricant de machines pour pr\u00e9fabriqu\u00e9s de b\u00e9ton et un distributeur de produits consommables.","breadcrumb":{"@id":"https:\/\/mtt-maxim.com\/fr\/notice-legale\/#breadcrumb"},"inLanguage":"fr-FR","potentialAction":[{"@type":"ReadAction","target":["https:\/\/mtt-maxim.com\/fr\/notice-legale\/"]}]},{"@type":"BreadcrumbList","@id":"https:\/\/mtt-maxim.com\/fr\/notice-legale\/#breadcrumb","itemListElement":[{"@type":"ListItem","position":1,"name":"Inicio","item":"https:\/\/mtt-maxim.com\/fr\/"},{"@type":"ListItem","position":2,"name":"Notice l\u00e9gale"}]},{"@type":"WebSite","@id":"https:\/\/mtt-maxim.com\/fr\/#website","url":"https:\/\/mtt-maxim.com\/fr\/","name":"Maquinaria y consumibles para el prefabricado de hormig\u00f3n MTT Maxim","description":"","potentialAction":[{"@type":"SearchAction","target":{"@type":"EntryPoint","urlTemplate":"https:\/\/mtt-maxim.com\/fr\/?s={search_term_string}"},"query-input":{"@type":"PropertyValueSpecification","valueRequired":true,"valueName":"search_term_string"}}],"inLanguage":"fr-FR"}]}},"_links":{"self":[{"href":"https:\/\/mtt-maxim.com\/fr\/wp-json\/wp\/v2\/pages\/11356","targetHints":{"allow":["GET"]}}],"collection":[{"href":"https:\/\/mtt-maxim.com\/fr\/wp-json\/wp\/v2\/pages"}],"about":[{"href":"https:\/\/mtt-maxim.com\/fr\/wp-json\/wp\/v2\/types\/page"}],"author":[{"embeddable":true,"href":"https:\/\/mtt-maxim.com\/fr\/wp-json\/wp\/v2\/users\/1"}],"replies":[{"embeddable":true,"href":"https:\/\/mtt-maxim.com\/fr\/wp-json\/wp\/v2\/comments?post=11356"}],"version-history":[{"count":0,"href":"https:\/\/mtt-maxim.com\/fr\/wp-json\/wp\/v2\/pages\/11356\/revisions"}],"wp:attachment":[{"href":"https:\/\/mtt-maxim.com\/fr\/wp-json\/wp\/v2\/media?parent=11356"}],"curies":[{"name":"wp","href":"https:\/\/api.w.org\/{rel}","templated":true}]}}